{"id":1015,"date":"2021-05-26T11:31:26","date_gmt":"2021-05-26T09:31:26","guid":{"rendered":"http:\/\/protecnic.gpnetsolutions.com\/privacy-policy-copy\/"},"modified":"2024-05-30T11:53:08","modified_gmt":"2024-05-30T09:53:08","slug":"aviso-legal","status":"publish","type":"page","link":"https:\/\/protecnic.es\/en\/legal-notice\/","title":{"rendered":"Legal notice"},"content":{"rendered":"<h1>Legal notice<\/h1>\n<p>This Legal Notice governs the general conditions of access to and use of the website accessible at protecnic.es (hereinafter, the website), which\u00a0<strong>PROTECNIC\u00a0<\/strong>makes available to Internet users.<\/p>\n<p>The use of the website implies full and unconditional acceptance of each and every provision included in this Legal Notice. Therefore, users of the website must carefully read this Legal Notice each time they intend to use the website, as the text may be subject to modifications at the discretion of the website owner or due to legislative, jurisprudential, or business practice changes.<\/p>\n<p><strong>\u00a0<\/strong><\/p>\n<p><strong>1.- WEBSITE OWNERSHIP.<\/strong><\/p>\n<p>Owner\u2019s Name: T\u00e9cnicas y Aplicaciones Productivas S.L<\/p>\n<p>Address: C\/Alemania, 39-41, 03420 Castalla, Alicante<\/p>\n<p>Tax Identification Number (CIF): ESB53084711<\/p>\n<p>Correo electr\u00f3nico: info@protecnic.es<\/p>\n<p><strong>\u00a0<\/strong><\/p>\n<p><strong>2.- PURPOSE.<\/strong><\/p>\n<p>The website provides users access to information and services offered by\u00a0<strong>PROTECNIC\u00a0<\/strong>to individuals or organizations interested in them.<\/p>\n<p><strong>\u00a0<\/strong><\/p>\n<p><strong>3.- WEBSITE USAGE AND ACCESS.<\/strong><\/p>\n<p>3.1 - Free Access and Use of the Website. Website access is free of charge for its users.<\/p>\n<p>&nbsp;<\/p>\n<p>3.2 -  User Registration. Generally, access to and use of the website do not require prior subscription or registration of its users.<\/p>\n<p><strong>\u00a0<\/strong><\/p>\n<p><strong>4.- WEBSITE CONTENT.<\/strong><\/p>\n<p>The language used by the owner on the website will be Spanish and\/or English.\u00a0<strong>PROTECNIC\u00a0<\/strong>is not responsible for any lack of understanding or comprehension of the website's language by the user, nor for its consequences.<\/p>\n<p><strong>PROTECNIC\u00a0<\/strong>may modify the contents without prior notice, as well as delete or change them within the website, including the way in which they are accessed, without any justification and freely.<\/p>\n<p>The use of the website's content to promote, contract, or disseminate advertising or information from oneself or third parties without\u00a0<strong>PROTECNIC<\/strong>authorization is prohibited. It is also prohibited to send advertising or information using the services or information provided to users, whether the use is free or not.<\/p>\n<p>Third parties who include links or hyperlinks on their web pages directed to this website must ensure that these links open the complete webpage. They must not express, directly or indirectly, false, inaccurate, or confusing indications, nor engage in unfair or unlawful actions against\u00a0<strong>PROTECNIC.<\/strong><\/p>\n<p><strong>\u00a0<\/strong><\/p>\n<p><strong>5.- LIMITATION OF LIABILITY.<\/strong><\/p>\n<p>Both access to the website and any unauthorized use of the information contained therein are the sole responsibility of the user.\u00a0<strong>PROTECNIC\u00a0<\/strong>is not responsible for any lack of understanding or comprehension of the website's language by the user, nor for its consequences.\u00a0<strong>PROTECNIC<\/strong> is not responsible for security errors that may occur nor for any damages that may be caused to the user's computer system (hardware and software), or to files or documents stored therein.<\/p>\n<p><strong>\u00a0<\/strong><\/p>\n<p><strong>6.- USE OF COOKIES.<\/strong><\/p>\n<p>The website uses cookies. You can consult our Cookie Policy, which always respects confidentiality and privacy.<\/p>\n<p><strong>\u00a0<\/strong><\/p>\n<p><strong>7.- INTELLECTUAL AND INDUSTRIAL PROPERTY.<\/strong><\/p>\n<p>-\u00a0<strong>PROTECNIC<\/strong>owns all industrial and intellectual property rights of the website, as well as its contents. Any use of the website or its contents must be strictly personal.<\/p>\n<p>Any use that involves copying, reproduction, distribution, transformation, public communication, or any similar action, in whole or in part, of the contents of the website is exclusively reserved to<strong>\u00a0PROTECNIC<\/strong>Therefore, no user may carry out these actions without the prior written authorization of\u00a0<strong>PROTECNIC.<\/strong><\/p>\n<p><strong>\u00a0<\/strong><\/p>\n<p><strong>8.- APPLICABLE LAW AND JURISDICTION.<\/strong><\/p>\n<p>This Legal Notice shall be interpreted and governed in accordance with Spanish law.\u00a0<strong>PROTECNIC<\/strong> and users, expressly waiving any other jurisdiction that may apply to them, submit to the jurisdiction of the courts and tribunals of the user's domicile for any dispute arising from access to or use of the website. In the event that the user's domicile is outside Spain,\u00a0<strong>PROTECNIC\u00a0<\/strong>and the user expressly submit to the jurisdiction of the courts and tribunals of Alicante, Spain, waiving any other jurisdiction.<\/p>\n<p>&nbsp;<\/p>","protected":false},"excerpt":{"rendered":"<p>Aviso legal El presente Aviso Legal regula las condiciones generales de acceso y utilizaci\u00f3n del sitio web accesible en la direcci\u00f3n\u00a0protecnic.es (en adelante, el sitio web), que\u00a0PROTECNIC\u00a0pone a disposici\u00f3n de los usuarios de Internet. La utilizaci\u00f3n del sitio web implica la aceptaci\u00f3n plena y sin reservas de todas y cada una de las disposiciones incluidas [&hellip;]<\/p>","protected":false},"author":1,"featured_media":0,"parent":0,"menu_order":0,"comment_status":"closed","ping_status":"open","template":"","meta":{"footnotes":""},"class_list":["post-1015","page","type-page","status-publish","hentry"],"yoast_head":"<!-- This site is optimized with the Yoast SEO plugin v24.3 - https:\/\/yoast.com\/wordpress\/plugins\/seo\/ -->\n<title>Aviso legal - Protecnic<\/title>\n<meta name=\"robots\" content=\"noindex, nofollow\" \/>\n<meta property=\"og:locale\" content=\"en_GB\" \/>\n<meta property=\"og:type\" content=\"article\" \/>\n<meta property=\"og:title\" content=\"Aviso legal - Protecnic\" \/>\n<meta property=\"og:description\" content=\"Aviso legal El presente Aviso Legal regula las condiciones generales de acceso y utilizaci\u00f3n del sitio web accesible en la direcci\u00f3n\u00a0protecnic.es (en adelante, el sitio web), que\u00a0PROTECNIC\u00a0pone a disposici\u00f3n de los usuarios de Internet. La utilizaci\u00f3n del sitio web implica la aceptaci\u00f3n plena y sin reservas de todas y cada una de las disposiciones incluidas [&hellip;]\" \/>\n<meta property=\"og:url\" content=\"https:\/\/protecnic.es\/en\/aviso-legal\/\" \/>\n<meta property=\"og:site_name\" content=\"Protecnic\" \/>\n<meta property=\"article:publisher\" content=\"https:\/\/www.facebook.com\/grupo.protecnic\" \/>\n<meta property=\"article:modified_time\" content=\"2024-05-30T09:53:08+00:00\" \/>\n<meta name=\"twitter:card\" content=\"summary_large_image\" \/>\n<meta name=\"twitter:label1\" content=\"Estimated reading time\" \/>\n\t<meta name=\"twitter:data1\" content=\"4 minutes\" \/>\n<script type=\"application\/ld+json\" class=\"yoast-schema-graph\">{\"@context\":\"https:\/\/schema.org\",\"@graph\":[{\"@type\":\"WebPage\",\"@id\":\"https:\/\/protecnic.es\/aviso-legal\/\",\"url\":\"https:\/\/protecnic.es\/aviso-legal\/\",\"name\":\"Aviso legal - Protecnic\",\"isPartOf\":{\"@id\":\"https:\/\/protecnic.es\/#website\"},\"datePublished\":\"2021-05-26T09:31:26+00:00\",\"dateModified\":\"2024-05-30T09:53:08+00:00\",\"breadcrumb\":{\"@id\":\"https:\/\/protecnic.es\/aviso-legal\/#breadcrumb\"},\"inLanguage\":\"en-GB\",\"potentialAction\":[{\"@type\":\"ReadAction\",\"target\":[\"https:\/\/protecnic.es\/aviso-legal\/\"]}]},{\"@type\":\"BreadcrumbList\",\"@id\":\"https:\/\/protecnic.es\/aviso-legal\/#breadcrumb\",\"itemListElement\":[{\"@type\":\"ListItem\",\"position\":1,\"name\":\"Home\",\"item\":\"https:\/\/protecnic.es\/\"},{\"@type\":\"ListItem\",\"position\":2,\"name\":\"Aviso legal\"}]},{\"@type\":\"WebSite\",\"@id\":\"https:\/\/protecnic.es\/#website\",\"url\":\"https:\/\/protecnic.es\/\",\"name\":\"Protecnic\",\"description\":\"Protecnic\",\"potentialAction\":[{\"@type\":\"SearchAction\",\"target\":{\"@type\":\"EntryPoint\",\"urlTemplate\":\"https:\/\/protecnic.es\/?s={search_term_string}\"},\"query-input\":{\"@type\":\"PropertyValueSpecification\",\"valueRequired\":true,\"valueName\":\"search_term_string\"}}],\"inLanguage\":\"en-GB\"}]}<\/script>\n<!-- \/ Yoast SEO plugin. -->","yoast_head_json":{"title":"Aviso legal - Protecnic","robots":{"index":"noindex","follow":"nofollow"},"og_locale":"en_GB","og_type":"article","og_title":"Aviso legal - Protecnic","og_description":"Aviso legal El presente Aviso Legal regula las condiciones generales de acceso y utilizaci\u00f3n del sitio web accesible en la direcci\u00f3n\u00a0protecnic.es (en adelante, el sitio web), que\u00a0PROTECNIC\u00a0pone a disposici\u00f3n de los usuarios de Internet. La utilizaci\u00f3n del sitio web implica la aceptaci\u00f3n plena y sin reservas de todas y cada una de las disposiciones incluidas [&hellip;]","og_url":"https:\/\/protecnic.es\/en\/aviso-legal\/","og_site_name":"Protecnic","article_publisher":"https:\/\/www.facebook.com\/grupo.protecnic","article_modified_time":"2024-05-30T09:53:08+00:00","twitter_card":"summary_large_image","twitter_misc":{"Estimated reading time":"4 minutes"},"schema":{"@context":"https:\/\/schema.org","@graph":[{"@type":"WebPage","@id":"https:\/\/protecnic.es\/aviso-legal\/","url":"https:\/\/protecnic.es\/aviso-legal\/","name":"Aviso legal - Protecnic","isPartOf":{"@id":"https:\/\/protecnic.es\/#website"},"datePublished":"2021-05-26T09:31:26+00:00","dateModified":"2024-05-30T09:53:08+00:00","breadcrumb":{"@id":"https:\/\/protecnic.es\/aviso-legal\/#breadcrumb"},"inLanguage":"en-GB","potentialAction":[{"@type":"ReadAction","target":["https:\/\/protecnic.es\/aviso-legal\/"]}]},{"@type":"BreadcrumbList","@id":"https:\/\/protecnic.es\/aviso-legal\/#breadcrumb","itemListElement":[{"@type":"ListItem","position":1,"name":"Home","item":"https:\/\/protecnic.es\/"},{"@type":"ListItem","position":2,"name":"Aviso legal"}]},{"@type":"WebSite","@id":"https:\/\/protecnic.es\/#website","url":"https:\/\/protecnic.es\/","name":"Protecnic","description":"Protecnic","potentialAction":[{"@type":"SearchAction","target":{"@type":"EntryPoint","urlTemplate":"https:\/\/protecnic.es\/?s={search_term_string}"},"query-input":{"@type":"PropertyValueSpecification","valueRequired":true,"valueName":"search_term_string"}}],"inLanguage":"en-GB"}]}},"_links":{"self":[{"href":"https:\/\/protecnic.es\/en\/wp-json\/wp\/v2\/pages\/1015"}],"collection":[{"href":"https:\/\/protecnic.es\/en\/wp-json\/wp\/v2\/pages"}],"about":[{"href":"https:\/\/protecnic.es\/en\/wp-json\/wp\/v2\/types\/page"}],"author":[{"embeddable":true,"href":"https:\/\/protecnic.es\/en\/wp-json\/wp\/v2\/users\/1"}],"replies":[{"embeddable":true,"href":"https:\/\/protecnic.es\/en\/wp-json\/wp\/v2\/comments?post=1015"}],"version-history":[{"count":4,"href":"https:\/\/protecnic.es\/en\/wp-json\/wp\/v2\/pages\/1015\/revisions"}],"predecessor-version":[{"id":5174,"href":"https:\/\/protecnic.es\/en\/wp-json\/wp\/v2\/pages\/1015\/revisions\/5174"}],"wp:attachment":[{"href":"https:\/\/protecnic.es\/en\/wp-json\/wp\/v2\/media?parent=1015"}],"curies":[{"name":"wp","href":"https:\/\/api.w.org\/{rel}","templated":true}]}}