{"id":3,"date":"2021-02-25T11:19:12","date_gmt":"2021-02-25T11:19:12","guid":{"rendered":"http:\/\/protecnic.gpnetsolutions.com\/?page_id=3"},"modified":"2021-07-13T08:30:28","modified_gmt":"2021-07-13T06:30:28","slug":"politica-de-privacidad","status":"publish","type":"page","link":"https:\/\/protecnic.es\/en\/privacy-policy\/","title":{"rendered":"Privacy policy"},"content":{"rendered":"<h1>Privacy policy<\/h1>\n<p><b>PROTECNIC <\/b>guarantees the protection and confidentiality of personal data of any kind provided to us by our client companies, in accordance with the provisions of the General Data Protection Regulation (GDPR).<\/p>\n<p>All data provided by our client companies to <strong><b>PROTECNIC <\/b><\/strong>PROTECNIC or its staff will be included in an automated file of personal data created and maintained under the responsibility of <b>PROTECNIC<\/b><strong>,<\/strong>\u00a0, which is essential for providing the services requested by users.<\/p>\n<p>The data provided will be processed in accordance with the terms established in the General Data Protection Regulation (GDPR). In this regard,<strong> <b>PROTECNIC <\/b> <\/strong>has adopted the legally required levels of protection and has implemented all technical measures within its reach to prevent loss, misuse, alteration, or unauthorized access by third parties. However, the user should be aware that security measures on the Internet are not impregnable. If it is deemed appropriate to transfer personal data to other entities, the user will be informed of the transferred data, the purpose of the file, and the name and address of the transferee, so that they can provide unequivocal consent in this regard.<\/p>\n<p>In compliance with the GDPR, the user may exercise their rights of access, rectification, cancellation\/deletion, opposition, limitation, or portability. To do so, they should contact us by email at protecnic.es<\/p>","protected":false},"excerpt":{"rendered":"<p>Pol\u00edtica de privacidad PROTECNIC garantiza la protecci\u00f3n y confidencialidad de los datos personales, de cualquier tipo que nos proporcionen nuestras empresas clientes de acuerdo con lo dispuesto en el Reglamento General de Protecci\u00f3n de Datos de Car\u00e1cter Personal. Todos los datos facilitados por nuestras empresas clientes a PROTECNIC o a su personal, ser\u00e1n incluidos en [&hellip;]<\/p>","protected":false},"author":1,"featured_media":0,"parent":0,"menu_order":0,"comment_status":"closed","ping_status":"open","template":"","meta":{"footnotes":""},"class_list":["post-3","page","type-page","status-publish","hentry"],"yoast_head":"<!-- This site is optimized with the Yoast SEO plugin v24.3 - https:\/\/yoast.com\/wordpress\/plugins\/seo\/ -->\n<title>Pol\u00edtica de privacidad - Protecnic<\/title>\n<meta name=\"robots\" content=\"noindex, nofollow\" \/>\n<meta property=\"og:locale\" content=\"en_GB\" \/>\n<meta property=\"og:type\" content=\"article\" \/>\n<meta property=\"og:title\" content=\"Pol\u00edtica de privacidad - Protecnic\" \/>\n<meta property=\"og:description\" content=\"Pol\u00edtica de privacidad PROTECNIC garantiza la protecci\u00f3n y confidencialidad de los datos personales, de cualquier tipo que nos proporcionen nuestras empresas clientes de acuerdo con lo dispuesto en el Reglamento General de Protecci\u00f3n de Datos de Car\u00e1cter Personal. Todos los datos facilitados por nuestras empresas clientes a PROTECNIC o a su personal, ser\u00e1n incluidos en [&hellip;]\" \/>\n<meta property=\"og:url\" content=\"https:\/\/protecnic.es\/en\/politica-de-privacidad\/\" \/>\n<meta property=\"og:site_name\" content=\"Protecnic\" \/>\n<meta property=\"article:publisher\" content=\"https:\/\/www.facebook.com\/grupo.protecnic\" \/>\n<meta property=\"article:modified_time\" content=\"2021-07-13T06:30:28+00:00\" \/>\n<meta name=\"twitter:card\" content=\"summary_large_image\" \/>\n<meta name=\"twitter:label1\" content=\"Estimated reading time\" \/>\n\t<meta name=\"twitter:data1\" content=\"2 minutes\" \/>\n<script type=\"application\/ld+json\" class=\"yoast-schema-graph\">{\"@context\":\"https:\/\/schema.org\",\"@graph\":[{\"@type\":\"WebPage\",\"@id\":\"https:\/\/protecnic.es\/politica-de-privacidad\/\",\"url\":\"https:\/\/protecnic.es\/politica-de-privacidad\/\",\"name\":\"Pol\u00edtica de privacidad - Protecnic\",\"isPartOf\":{\"@id\":\"https:\/\/protecnic.es\/#website\"},\"datePublished\":\"2021-02-25T11:19:12+00:00\",\"dateModified\":\"2021-07-13T06:30:28+00:00\",\"breadcrumb\":{\"@id\":\"https:\/\/protecnic.es\/politica-de-privacidad\/#breadcrumb\"},\"inLanguage\":\"en-GB\",\"potentialAction\":[{\"@type\":\"ReadAction\",\"target\":[\"https:\/\/protecnic.es\/politica-de-privacidad\/\"]}]},{\"@type\":\"BreadcrumbList\",\"@id\":\"https:\/\/protecnic.es\/politica-de-privacidad\/#breadcrumb\",\"itemListElement\":[{\"@type\":\"ListItem\",\"position\":1,\"name\":\"Home\",\"item\":\"https:\/\/protecnic.es\/\"},{\"@type\":\"ListItem\",\"position\":2,\"name\":\"Pol\u00edtica de privacidad\"}]},{\"@type\":\"WebSite\",\"@id\":\"https:\/\/protecnic.es\/#website\",\"url\":\"https:\/\/protecnic.es\/\",\"name\":\"Protecnic\",\"description\":\"Protecnic\",\"potentialAction\":[{\"@type\":\"SearchAction\",\"target\":{\"@type\":\"EntryPoint\",\"urlTemplate\":\"https:\/\/protecnic.es\/?s={search_term_string}\"},\"query-input\":{\"@type\":\"PropertyValueSpecification\",\"valueRequired\":true,\"valueName\":\"search_term_string\"}}],\"inLanguage\":\"en-GB\"}]}<\/script>\n<!-- \/ Yoast SEO plugin. -->","yoast_head_json":{"title":"Pol\u00edtica de privacidad - Protecnic","robots":{"index":"noindex","follow":"nofollow"},"og_locale":"en_GB","og_type":"article","og_title":"Pol\u00edtica de privacidad - Protecnic","og_description":"Pol\u00edtica de privacidad PROTECNIC garantiza la protecci\u00f3n y confidencialidad de los datos personales, de cualquier tipo que nos proporcionen nuestras empresas clientes de acuerdo con lo dispuesto en el Reglamento General de Protecci\u00f3n de Datos de Car\u00e1cter Personal. Todos los datos facilitados por nuestras empresas clientes a PROTECNIC o a su personal, ser\u00e1n incluidos en [&hellip;]","og_url":"https:\/\/protecnic.es\/en\/politica-de-privacidad\/","og_site_name":"Protecnic","article_publisher":"https:\/\/www.facebook.com\/grupo.protecnic","article_modified_time":"2021-07-13T06:30:28+00:00","twitter_card":"summary_large_image","twitter_misc":{"Estimated reading time":"2 minutes"},"schema":{"@context":"https:\/\/schema.org","@graph":[{"@type":"WebPage","@id":"https:\/\/protecnic.es\/politica-de-privacidad\/","url":"https:\/\/protecnic.es\/politica-de-privacidad\/","name":"Pol\u00edtica de privacidad - Protecnic","isPartOf":{"@id":"https:\/\/protecnic.es\/#website"},"datePublished":"2021-02-25T11:19:12+00:00","dateModified":"2021-07-13T06:30:28+00:00","breadcrumb":{"@id":"https:\/\/protecnic.es\/politica-de-privacidad\/#breadcrumb"},"inLanguage":"en-GB","potentialAction":[{"@type":"ReadAction","target":["https:\/\/protecnic.es\/politica-de-privacidad\/"]}]},{"@type":"BreadcrumbList","@id":"https:\/\/protecnic.es\/politica-de-privacidad\/#breadcrumb","itemListElement":[{"@type":"ListItem","position":1,"name":"Home","item":"https:\/\/protecnic.es\/"},{"@type":"ListItem","position":2,"name":"Pol\u00edtica de privacidad"}]},{"@type":"WebSite","@id":"https:\/\/protecnic.es\/#website","url":"https:\/\/protecnic.es\/","name":"Protecnic","description":"Protecnic","potentialAction":[{"@type":"SearchAction","target":{"@type":"EntryPoint","urlTemplate":"https:\/\/protecnic.es\/?s={search_term_string}"},"query-input":{"@type":"PropertyValueSpecification","valueRequired":true,"valueName":"search_term_string"}}],"inLanguage":"en-GB"}]}},"_links":{"self":[{"href":"https:\/\/protecnic.es\/en\/wp-json\/wp\/v2\/pages\/3"}],"collection":[{"href":"https:\/\/protecnic.es\/en\/wp-json\/wp\/v2\/pages"}],"about":[{"href":"https:\/\/protecnic.es\/en\/wp-json\/wp\/v2\/types\/page"}],"author":[{"embeddable":true,"href":"https:\/\/protecnic.es\/en\/wp-json\/wp\/v2\/users\/1"}],"replies":[{"embeddable":true,"href":"https:\/\/protecnic.es\/en\/wp-json\/wp\/v2\/comments?post=3"}],"version-history":[{"count":5,"href":"https:\/\/protecnic.es\/en\/wp-json\/wp\/v2\/pages\/3\/revisions"}],"predecessor-version":[{"id":1657,"href":"https:\/\/protecnic.es\/en\/wp-json\/wp\/v2\/pages\/3\/revisions\/1657"}],"wp:attachment":[{"href":"https:\/\/protecnic.es\/en\/wp-json\/wp\/v2\/media?parent=3"}],"curies":[{"name":"wp","href":"https:\/\/api.w.org\/{rel}","templated":true}]}}