{"id":41,"date":"2021-02-25T13:01:09","date_gmt":"2021-02-25T12:01:09","guid":{"rendered":"http:\/\/protecnic.gpnetsolutions.com\/?page_id=41"},"modified":"2022-02-10T16:12:06","modified_gmt":"2022-02-10T15:12:06","slug":"cubre-tornillos","status":"publish","type":"page","link":"https:\/\/protecnic.es\/en\/products\/self-adhesive-cover-caps\/","title":{"rendered":"Self-adhesive cover caps"},"content":{"rendered":"<div data-elementor-type=\"wp-page\" data-elementor-id=\"41\" class=\"elementor elementor-41\" data-elementor-post-type=\"page\">\n\t\t\t\t\t\t<section class=\"elementor-section elementor-top-section elementor-element elementor-element-2006e1d1 elementor-section-boxed elementor-section-height-default elementor-section-height-default\" data-id=\"2006e1d1\" data-element_type=\"section\">\n\t\t\t\t\t\t<div class=\"elementor-container elementor-column-gap-default\">\n\t\t\t\t\t<div class=\"elementor-column elementor-col-50 elementor-top-column elementor-element elementor-element-60c329ca\" data-id=\"60c329ca\" data-element_type=\"column\">\n\t\t\t<div class=\"elementor-widget-wrap elementor-element-populated\">\n\t\t\t\t\t\t<div class=\"elementor-element elementor-element-4138a964 elementor-widget elementor-widget-heading\" data-id=\"4138a964\" data-element_type=\"widget\" data-widget_type=\"heading.default\">\n\t\t\t\t<div class=\"elementor-widget-container\">\n\t\t\t<h1 class=\"elementor-heading-title elementor-size-default\">Self-adhesive cover caps<\/h1>\t\t<\/div>\n\t\t\t\t<\/div>\n\t\t\t\t<div class=\"elementor-element elementor-element-30a5e9e8 elementor-widget elementor-widget-text-editor\" data-id=\"30a5e9e8\" data-element_type=\"widget\" data-widget_type=\"text-editor.default\">\n\t\t\t\t<div class=\"elementor-widget-container\">\n\t\t\t\t\t\t\t<p>At Protecnic we have been listening carefully to our clients for more than two decades. Discovering what they need and putting on the table the tools capable of giving them the solution. Furniture manufacturers must pay attention to hundreds of details to ensure the quality of all their pieces. And we want to be by your side at all times. Our team puts all its experience in plastic extrusion to create screw covers tailored to each board.<\/p>\t\t\t\t\t\t<\/div>\n\t\t\t\t<\/div>\n\t\t\t\t<div class=\"elementor-element elementor-element-0cc4769 elementor-widget elementor-widget-image\" data-id=\"0cc4769\" data-element_type=\"widget\" data-widget_type=\"image.default\">\n\t\t\t\t<div class=\"elementor-widget-container\">\n\t\t\t\t\t\t\t\t\t\t\t\t\t<img decoding=\"async\" src=\"https:\/\/protecnic.es\/wp-content\/uploads\/2021\/08\/ICONOS-3.png\" title=\"ICONOS-3\" alt=\"Icono canto para tableros de melamina\" loading=\"lazy\" \/>\t\t\t\t\t\t\t\t\t\t\t\t\t<\/div>\n\t\t\t\t<\/div>\n\t\t\t\t\t<\/div>\n\t\t<\/div>\n\t\t\t\t<div class=\"elementor-column elementor-col-50 elementor-top-column elementor-element elementor-element-44a5ccaa\" data-id=\"44a5ccaa\" data-element_type=\"column\">\n\t\t\t<div class=\"elementor-widget-wrap elementor-element-populated\">\n\t\t\t\t\t\t<div class=\"elementor-element elementor-element-7fb0f4dd elementor-widget elementor-widget-image\" data-id=\"7fb0f4dd\" data-element_type=\"widget\" data-widget_type=\"image.default\">\n\t\t\t\t<div class=\"elementor-widget-container\">\n\t\t\t\t\t\t\t\t\t\t\t\t\t<img fetchpriority=\"high\" decoding=\"async\" width=\"800\" height=\"600\" src=\"https:\/\/protecnic.es\/wp-content\/uploads\/2021\/03\/PORTADA-TAPONES-1.jpg\" class=\"attachment-large size-large wp-image-513\" alt=\"self adeshive screw cover caps\" srcset=\"https:\/\/protecnic.es\/wp-content\/uploads\/2021\/03\/PORTADA-TAPONES-1.jpg 850w, https:\/\/protecnic.es\/wp-content\/uploads\/2021\/03\/PORTADA-TAPONES-1-300x225.jpg 300w, https:\/\/protecnic.es\/wp-content\/uploads\/2021\/03\/PORTADA-TAPONES-1-768x576.jpg 768w, https:\/\/protecnic.es\/wp-content\/uploads\/2021\/03\/PORTADA-TAPONES-1-16x12.jpg 16w\" sizes=\"(max-width: 800px) 100vw, 800px\" \/>\t\t\t\t\t\t\t\t\t\t\t\t\t<\/div>\n\t\t\t\t<\/div>\n\t\t\t\t\t<\/div>\n\t\t<\/div>\n\t\t\t\t\t<\/div>\n\t\t<\/section>\n\t\t\t\t<section class=\"elementor-section elementor-top-section elementor-element elementor-element-177af518 elementor-section-boxed elementor-section-height-default elementor-section-height-default\" data-id=\"177af518\" data-element_type=\"section\">\n\t\t\t\t\t\t<div class=\"elementor-container elementor-column-gap-default\">\n\t\t\t\t\t<div class=\"elementor-column elementor-col-100 elementor-top-column elementor-element elementor-element-5f50322f\" data-id=\"5f50322f\" data-element_type=\"column\">\n\t\t\t<div class=\"elementor-widget-wrap elementor-element-populated\">\n\t\t\t\t\t\t<div class=\"elementor-element elementor-element-63738605 elementor-widget elementor-widget-spacer\" data-id=\"63738605\" data-element_type=\"widget\" data-widget_type=\"spacer.default\">\n\t\t\t\t<div class=\"elementor-widget-container\">\n\t\t\t\t\t<div class=\"elementor-spacer\">\n\t\t\t<div class=\"elementor-spacer-inner\"><\/div>\n\t\t<\/div>\n\t\t\t\t<\/div>\n\t\t\t\t<\/div>\n\t\t\t\t\t<\/div>\n\t\t<\/div>\n\t\t\t\t\t<\/div>\n\t\t<\/section>\n\t\t\t\t<section class=\"elementor-section elementor-top-section elementor-element elementor-element-a11db85 elementor-section-boxed elementor-section-height-default elementor-section-height-default\" data-id=\"a11db85\" data-element_type=\"section\">\n\t\t\t\t\t\t<div class=\"elementor-container elementor-column-gap-default\">\n\t\t\t\t\t<div class=\"elementor-column elementor-col-50 elementor-top-column elementor-element elementor-element-0e09124\" data-id=\"0e09124\" data-element_type=\"column\">\n\t\t\t<div class=\"elementor-widget-wrap elementor-element-populated\">\n\t\t\t\t\t\t<div class=\"elementor-element elementor-element-1088deb elementor-widget elementor-widget-image\" data-id=\"1088deb\" data-element_type=\"widget\" data-widget_type=\"image.default\">\n\t\t\t\t<div class=\"elementor-widget-container\">\n\t\t\t\t\t\t\t\t\t\t\t\t\t<img decoding=\"async\" width=\"800\" height=\"534\" src=\"https:\/\/protecnic.es\/wp-content\/uploads\/2021\/05\/TAPONES-11-1024x683.jpg\" class=\"attachment-large size-large wp-image-940\" alt=\"self adeshive screw cover caps\" srcset=\"https:\/\/protecnic.es\/wp-content\/uploads\/2021\/05\/TAPONES-11-1024x683.jpg 1024w, https:\/\/protecnic.es\/wp-content\/uploads\/2021\/05\/TAPONES-11-300x200.jpg 300w, https:\/\/protecnic.es\/wp-content\/uploads\/2021\/05\/TAPONES-11-768x512.jpg 768w, https:\/\/protecnic.es\/wp-content\/uploads\/2021\/05\/TAPONES-11-1536x1024.jpg 1536w, https:\/\/protecnic.es\/wp-content\/uploads\/2021\/05\/TAPONES-11-2048x1365.jpg 2048w, https:\/\/protecnic.es\/wp-content\/uploads\/2021\/05\/TAPONES-11-16x12.jpg 16w\" sizes=\"(max-width: 800px) 100vw, 800px\" \/>\t\t\t\t\t\t\t\t\t\t\t\t\t<\/div>\n\t\t\t\t<\/div>\n\t\t\t\t\t<\/div>\n\t\t<\/div>\n\t\t\t\t<div class=\"elementor-column elementor-col-50 elementor-top-column elementor-element elementor-element-29a1e50\" data-id=\"29a1e50\" data-element_type=\"column\">\n\t\t\t<div class=\"elementor-widget-wrap elementor-element-populated\">\n\t\t\t\t\t\t<div class=\"elementor-element elementor-element-6926667 elementor-widget elementor-widget-text-editor\" data-id=\"6926667\" data-element_type=\"widget\" data-widget_type=\"text-editor.default\">\n\t\t\t\t<div class=\"elementor-widget-container\">\n\t\t\t\t\t\t\t<p>If the manufacture of edges is added to that of screw covers, we expand the range of products that we make available to the furniture industry. Our industrial capacity allows us to manufacture trims that serve as caps for the screws required in the final assembly of the furniture.<\/p><p>We manufacture screw covers with the same melamine design or with the design required by the client, to take care of even the smallest detail. We have the standard diameters of \u00d813 and \u00d817 but, if you need special measures, <strong><a href=\"https:\/\/protecnic.es\/en\/contacto\/\">contact<\/a><\/strong> so we can advise you on the solution that best fits your project.<\/p>\t\t\t\t\t\t<\/div>\n\t\t\t\t<\/div>\n\t\t\t\t<div class=\"elementor-element elementor-element-6f3ee25 elementor-widget elementor-widget-image\" data-id=\"6f3ee25\" data-element_type=\"widget\" data-widget_type=\"image.default\">\n\t\t\t\t<div class=\"elementor-widget-container\">\n\t\t\t\t\t\t\t\t\t\t\t\t\t<img decoding=\"async\" width=\"478\" height=\"49\" src=\"https:\/\/protecnic.es\/wp-content\/uploads\/2021\/08\/ICONOS-3.png\" class=\"attachment-full size-full wp-image-1749\" alt=\"Icono canto para tableros de melamina\" srcset=\"https:\/\/protecnic.es\/wp-content\/uploads\/2021\/08\/ICONOS-3.png 478w, https:\/\/protecnic.es\/wp-content\/uploads\/2021\/08\/ICONOS-3-300x31.png 300w, https:\/\/protecnic.es\/wp-content\/uploads\/2021\/08\/ICONOS-3-16x2.png 16w\" sizes=\"(max-width: 478px) 100vw, 478px\" \/>\t\t\t\t\t\t\t\t\t\t\t\t\t<\/div>\n\t\t\t\t<\/div>\n\t\t\t\t\t<\/div>\n\t\t<\/div>\n\t\t\t\t\t<\/div>\n\t\t<\/section>\n\t\t\t\t<section class=\"elementor-section elementor-top-section elementor-element elementor-element-c07567a elementor-section-boxed elementor-section-height-default elementor-section-height-default\" data-id=\"c07567a\" data-element_type=\"section\">\n\t\t\t\t\t\t<div class=\"elementor-container elementor-column-gap-default\">\n\t\t\t\t\t<div class=\"elementor-column elementor-col-50 elementor-top-column elementor-element elementor-element-823e0d3\" data-id=\"823e0d3\" data-element_type=\"column\">\n\t\t\t<div class=\"elementor-widget-wrap elementor-element-populated\">\n\t\t\t\t\t\t<div class=\"elementor-element elementor-element-e72e901 elementor-widget elementor-widget-heading\" data-id=\"e72e901\" data-element_type=\"widget\" data-widget_type=\"heading.default\">\n\t\t\t\t<div class=\"elementor-widget-container\">\n\t\t\t<h2 class=\"elementor-heading-title elementor-size-default\">Trims<\/h2>\t\t<\/div>\n\t\t\t\t<\/div>\n\t\t\t\t<div class=\"elementor-element elementor-element-5f243f5 elementor-widget elementor-widget-text-editor\" data-id=\"5f243f5\" data-element_type=\"widget\" data-widget_type=\"text-editor.default\">\n\t\t\t\t<div class=\"elementor-widget-container\">\n\t\t\t\t\t\t\t<p>The screw covers serve to camouflage the technical details and embellish the furniture. And they follow a manufacturing process similar to that of the edges. The cap covers that remain, thus, microperforated, are die-cut. The adhesive is then incorporated to make it easier for customers to finalize their products in-house. We want to make their lives easier thanks to our products.<\/p><p>By using the knowledge in colorimetry and designs of our office, we achieve that the screw covers faithfully reflect the design of each of the different melamine boards. It is the perfect complement to the manufacture of edges, with the same philosophy of customer service vocation.<\/p>\t\t\t\t\t\t<\/div>\n\t\t\t\t<\/div>\n\t\t\t\t\t<\/div>\n\t\t<\/div>\n\t\t\t\t<div class=\"elementor-column elementor-col-50 elementor-top-column elementor-element elementor-element-6b18d25\" data-id=\"6b18d25\" data-element_type=\"column\">\n\t\t\t<div class=\"elementor-widget-wrap elementor-element-populated\">\n\t\t\t\t\t\t<div class=\"elementor-element elementor-element-bdda953 elementor-widget elementor-widget-image\" data-id=\"bdda953\" data-element_type=\"widget\" data-widget_type=\"image.default\">\n\t\t\t\t<div class=\"elementor-widget-container\">\n\t\t\t\t\t\t\t\t\t\t\t\t\t<img loading=\"lazy\" decoding=\"async\" width=\"800\" height=\"534\" src=\"https:\/\/protecnic.es\/wp-content\/uploads\/2021\/05\/TAPONES-20-1024x683.jpg\" class=\"attachment-large size-large wp-image-928\" alt=\"self adhesive screw cover caps\" srcset=\"https:\/\/protecnic.es\/wp-content\/uploads\/2021\/05\/TAPONES-20-1024x683.jpg 1024w, https:\/\/protecnic.es\/wp-content\/uploads\/2021\/05\/TAPONES-20-300x200.jpg 300w, https:\/\/protecnic.es\/wp-content\/uploads\/2021\/05\/TAPONES-20-768x512.jpg 768w, https:\/\/protecnic.es\/wp-content\/uploads\/2021\/05\/TAPONES-20-1536x1024.jpg 1536w, https:\/\/protecnic.es\/wp-content\/uploads\/2021\/05\/TAPONES-20-2048x1365.jpg 2048w, https:\/\/protecnic.es\/wp-content\/uploads\/2021\/05\/TAPONES-20-16x12.jpg 16w\" sizes=\"(max-width: 800px) 100vw, 800px\" \/>\t\t\t\t\t\t\t\t\t\t\t\t\t<\/div>\n\t\t\t\t<\/div>\n\t\t\t\t\t<\/div>\n\t\t<\/div>\n\t\t\t\t\t<\/div>\n\t\t<\/section>\n\t\t\t\t<section class=\"elementor-section elementor-top-section elementor-element elementor-element-4424e65 elementor-section-boxed elementor-section-height-default elementor-section-height-default\" data-id=\"4424e65\" data-element_type=\"section\">\n\t\t\t\t\t\t<div class=\"elementor-container elementor-column-gap-default\">\n\t\t\t\t\t<div class=\"elementor-column elementor-col-100 elementor-top-column elementor-element elementor-element-6fc277d\" data-id=\"6fc277d\" data-element_type=\"column\">\n\t\t\t<div class=\"elementor-widget-wrap elementor-element-populated\">\n\t\t\t\t\t\t<div class=\"elementor-element elementor-element-c9f48fe elementor-widget elementor-widget-image\" data-id=\"c9f48fe\" data-element_type=\"widget\" data-widget_type=\"image.default\">\n\t\t\t\t<div class=\"elementor-widget-container\">\n\t\t\t\t\t\t\t\t\t\t\t\t\t<img decoding=\"async\" width=\"478\" height=\"49\" src=\"https:\/\/protecnic.es\/wp-content\/uploads\/2021\/08\/ICONOS-3.png\" class=\"attachment-full size-full wp-image-1749\" alt=\"Icono canto para tableros de melamina\" srcset=\"https:\/\/protecnic.es\/wp-content\/uploads\/2021\/08\/ICONOS-3.png 478w, https:\/\/protecnic.es\/wp-content\/uploads\/2021\/08\/ICONOS-3-300x31.png 300w, https:\/\/protecnic.es\/wp-content\/uploads\/2021\/08\/ICONOS-3-16x2.png 16w\" sizes=\"(max-width: 478px) 100vw, 478px\" \/>\t\t\t\t\t\t\t\t\t\t\t\t\t<\/div>\n\t\t\t\t<\/div>\n\t\t\t\t\t<\/div>\n\t\t<\/div>\n\t\t\t\t\t<\/div>\n\t\t<\/section>\n\t\t\t\t<section class=\"elementor-section elementor-top-section elementor-element elementor-element-3c53b97 elementor-section-boxed elementor-section-height-default elementor-section-height-default\" data-id=\"3c53b97\" data-element_type=\"section\">\n\t\t\t\t\t\t<div class=\"elementor-container elementor-column-gap-default\">\n\t\t\t\t\t<div class=\"elementor-column elementor-col-50 elementor-top-column elementor-element elementor-element-6319eba\" data-id=\"6319eba\" data-element_type=\"column\">\n\t\t\t<div class=\"elementor-widget-wrap elementor-element-populated\">\n\t\t\t\t\t\t<div class=\"elementor-element elementor-element-9459de4 elementor-widget elementor-widget-image\" data-id=\"9459de4\" data-element_type=\"widget\" data-widget_type=\"image.default\">\n\t\t\t\t<div class=\"elementor-widget-container\">\n\t\t\t\t\t\t\t\t\t\t\t\t\t<img loading=\"lazy\" decoding=\"async\" width=\"800\" height=\"534\" src=\"https:\/\/protecnic.es\/wp-content\/uploads\/2021\/05\/TAPONES-10-1024x683.jpg\" class=\"attachment-large size-large wp-image-939\" alt=\"self adeshive screw cover caps\" srcset=\"https:\/\/protecnic.es\/wp-content\/uploads\/2021\/05\/TAPONES-10-1024x683.jpg 1024w, https:\/\/protecnic.es\/wp-content\/uploads\/2021\/05\/TAPONES-10-300x200.jpg 300w, https:\/\/protecnic.es\/wp-content\/uploads\/2021\/05\/TAPONES-10-768x512.jpg 768w, https:\/\/protecnic.es\/wp-content\/uploads\/2021\/05\/TAPONES-10-1536x1024.jpg 1536w, https:\/\/protecnic.es\/wp-content\/uploads\/2021\/05\/TAPONES-10-2048x1365.jpg 2048w, https:\/\/protecnic.es\/wp-content\/uploads\/2021\/05\/TAPONES-10-16x12.jpg 16w\" sizes=\"(max-width: 800px) 100vw, 800px\" \/>\t\t\t\t\t\t\t\t\t\t\t\t\t<\/div>\n\t\t\t\t<\/div>\n\t\t\t\t\t<\/div>\n\t\t<\/div>\n\t\t\t\t<div class=\"elementor-column elementor-col-50 elementor-top-column elementor-element elementor-element-87cfe82\" data-id=\"87cfe82\" data-element_type=\"column\">\n\t\t\t<div class=\"elementor-widget-wrap elementor-element-populated\">\n\t\t\t\t\t\t<div class=\"elementor-element elementor-element-08f8f00 elementor-widget elementor-widget-spacer\" data-id=\"08f8f00\" data-element_type=\"widget\" data-widget_type=\"spacer.default\">\n\t\t\t\t<div class=\"elementor-widget-container\">\n\t\t\t\t\t<div class=\"elementor-spacer\">\n\t\t\t<div class=\"elementor-spacer-inner\"><\/div>\n\t\t<\/div>\n\t\t\t\t<\/div>\n\t\t\t\t<\/div>\n\t\t\t\t<div class=\"elementor-element elementor-element-6694edb elementor-widget elementor-widget-heading\" data-id=\"6694edb\" data-element_type=\"widget\" data-widget_type=\"heading.default\">\n\t\t\t\t<div class=\"elementor-widget-container\">\n\t\t\t<h2 class=\"elementor-heading-title elementor-size-default\">Screw caps<\/h2>\t\t<\/div>\n\t\t\t\t<\/div>\n\t\t\t\t<div class=\"elementor-element elementor-element-d742466 elementor-widget elementor-widget-text-editor\" data-id=\"d742466\" data-element_type=\"widget\" data-widget_type=\"text-editor.default\">\n\t\t\t\t<div class=\"elementor-widget-container\">\n\t\t\t\t\t\t\t<p>At Protecnic we are up-to-date with all the news from board manufacturers and market trends, so we constantly innovate in terms of colours, textures and designs. To have available exactly what our customers need. And develop new solutions as previously unheard-of needs arise. At our <strong><a href=\"https:\/\/protecnic.es\/en\/tabla-de-equivalencias\/\">cross-reference chart<\/a><\/strong> you can find what you are looking for among more than 5,000 references.<\/p>\t\t\t\t\t\t<\/div>\n\t\t\t\t<\/div>\n\t\t\t\t\t<\/div>\n\t\t<\/div>\n\t\t\t\t\t<\/div>\n\t\t<\/section>\n\t\t\t\t<\/div>","protected":false},"excerpt":{"rendered":"<p>Cubretornillos En Protecnic llevamos m\u00e1s de dos d\u00e9cadas escuchando atentamente a nuestros clientes. Descubriendo qu\u00e9 necesitan y poniendo sobre la mesa las herramientas capaces de darles la soluci\u00f3n. Los fabricantes de muebles deben estar atentos a cientos de detalles para asegurar la calidad de todas sus piezas. Y nosotros queremos estar de su lado en [&hellip;]<\/p>","protected":false},"author":1,"featured_media":932,"parent":35,"menu_order":0,"comment_status":"closed","ping_status":"closed","template":"","meta":{"footnotes":""},"class_list":["post-41","page","type-page","status-publish","has-post-thumbnail","hentry"],"yoast_head":"<!-- This site is optimized with the Yoast SEO plugin v24.3 - https:\/\/yoast.com\/wordpress\/plugins\/seo\/ -->\n<title>PROTECNIC | cubre tornillos, tapones y embellecedores<\/title>\n<meta name=\"description\" content=\"Cubre tornillos para ocultar la cabeza de estos en el montaje de tus mueble. Tenemos multitud de colores y texturas de madera.\" \/>\n<meta name=\"robots\" content=\"index, follow, max-snippet:-1, max-image-preview:large, max-video-preview:-1\" \/>\n<link rel=\"canonical\" href=\"https:\/\/protecnic.es\/en\/protecnic-productos\/cubre-tornillos\/\" \/>\n<meta property=\"og:locale\" content=\"en_GB\" \/>\n<meta property=\"og:type\" content=\"article\" \/>\n<meta property=\"og:title\" content=\"PROTECNIC | cubre tornillos, tapones y embellecedores\" \/>\n<meta property=\"og:description\" content=\"Cubre tornillos para ocultar la cabeza de estos en el montaje de tus mueble. Tenemos multitud de colores y texturas de madera.\" \/>\n<meta property=\"og:url\" content=\"https:\/\/protecnic.es\/en\/protecnic-productos\/cubre-tornillos\/\" \/>\n<meta property=\"og:site_name\" content=\"Protecnic\" \/>\n<meta property=\"article:publisher\" content=\"https:\/\/www.facebook.com\/grupo.protecnic\" \/>\n<meta property=\"article:modified_time\" content=\"2022-02-10T15:12:06+00:00\" \/>\n<meta property=\"og:image\" content=\"https:\/\/protecnic.es\/wp-content\/uploads\/2021\/05\/TAPONES-2-scaled.jpg\" \/>\n\t<meta property=\"og:image:width\" content=\"2560\" \/>\n\t<meta property=\"og:image:height\" content=\"1707\" \/>\n\t<meta property=\"og:image:type\" content=\"image\/jpeg\" \/>\n<meta name=\"twitter:card\" content=\"summary_large_image\" \/>\n<meta name=\"twitter:label1\" content=\"Estimated reading time\" \/>\n\t<meta name=\"twitter:data1\" content=\"4 minutes\" \/>\n<script type=\"application\/ld+json\" class=\"yoast-schema-graph\">{\"@context\":\"https:\/\/schema.org\",\"@graph\":[{\"@type\":\"WebPage\",\"@id\":\"https:\/\/protecnic.es\/protecnic-productos\/cubre-tornillos\/\",\"url\":\"https:\/\/protecnic.es\/protecnic-productos\/cubre-tornillos\/\",\"name\":\"PROTECNIC | cubre tornillos, tapones y embellecedores\",\"isPartOf\":{\"@id\":\"https:\/\/protecnic.es\/#website\"},\"primaryImageOfPage\":{\"@id\":\"https:\/\/protecnic.es\/protecnic-productos\/cubre-tornillos\/#primaryimage\"},\"image\":{\"@id\":\"https:\/\/protecnic.es\/protecnic-productos\/cubre-tornillos\/#primaryimage\"},\"thumbnailUrl\":\"https:\/\/protecnic.es\/wp-content\/uploads\/2021\/05\/TAPONES-2-scaled.jpg\",\"datePublished\":\"2021-02-25T12:01:09+00:00\",\"dateModified\":\"2022-02-10T15:12:06+00:00\",\"description\":\"Cubre tornillos para ocultar la cabeza de estos en el montaje de tus mueble. Tenemos multitud de colores y texturas de madera.\",\"breadcrumb\":{\"@id\":\"https:\/\/protecnic.es\/protecnic-productos\/cubre-tornillos\/#breadcrumb\"},\"inLanguage\":\"en-GB\",\"potentialAction\":[{\"@type\":\"ReadAction\",\"target\":[\"https:\/\/protecnic.es\/protecnic-productos\/cubre-tornillos\/\"]}]},{\"@type\":\"ImageObject\",\"inLanguage\":\"en-GB\",\"@id\":\"https:\/\/protecnic.es\/protecnic-productos\/cubre-tornillos\/#primaryimage\",\"url\":\"https:\/\/protecnic.es\/wp-content\/uploads\/2021\/05\/TAPONES-2-scaled.jpg\",\"contentUrl\":\"https:\/\/protecnic.es\/wp-content\/uploads\/2021\/05\/TAPONES-2-scaled.jpg\",\"width\":2560,\"height\":1707,\"caption\":\"vista de diferentes dise\u00f1os de tapones\"},{\"@type\":\"BreadcrumbList\",\"@id\":\"https:\/\/protecnic.es\/protecnic-productos\/cubre-tornillos\/#breadcrumb\",\"itemListElement\":[{\"@type\":\"ListItem\",\"position\":1,\"name\":\"Home\",\"item\":\"https:\/\/protecnic.es\/\"},{\"@type\":\"ListItem\",\"position\":2,\"name\":\"Productos\",\"item\":\"https:\/\/protecnic.es\/protecnic-productos\/\"},{\"@type\":\"ListItem\",\"position\":3,\"name\":\"Cubre tornillos\"}]},{\"@type\":\"WebSite\",\"@id\":\"https:\/\/protecnic.es\/#website\",\"url\":\"https:\/\/protecnic.es\/\",\"name\":\"Protecnic\",\"description\":\"Protecnic\",\"potentialAction\":[{\"@type\":\"SearchAction\",\"target\":{\"@type\":\"EntryPoint\",\"urlTemplate\":\"https:\/\/protecnic.es\/?s={search_term_string}\"},\"query-input\":{\"@type\":\"PropertyValueSpecification\",\"valueRequired\":true,\"valueName\":\"search_term_string\"}}],\"inLanguage\":\"en-GB\"}]}<\/script>\n<!-- \/ Yoast SEO plugin. -->","yoast_head_json":{"title":"PROTECNIC | cubre tornillos, tapones y embellecedores","description":"Cubre tornillos para ocultar la cabeza de estos en el montaje de tus mueble. Tenemos multitud de colores y texturas de madera.","robots":{"index":"index","follow":"follow","max-snippet":"max-snippet:-1","max-image-preview":"max-image-preview:large","max-video-preview":"max-video-preview:-1"},"canonical":"https:\/\/protecnic.es\/en\/protecnic-productos\/cubre-tornillos\/","og_locale":"en_GB","og_type":"article","og_title":"PROTECNIC | cubre tornillos, tapones y embellecedores","og_description":"Cubre tornillos para ocultar la cabeza de estos en el montaje de tus mueble. Tenemos multitud de colores y texturas de madera.","og_url":"https:\/\/protecnic.es\/en\/protecnic-productos\/cubre-tornillos\/","og_site_name":"Protecnic","article_publisher":"https:\/\/www.facebook.com\/grupo.protecnic","article_modified_time":"2022-02-10T15:12:06+00:00","og_image":[{"width":2560,"height":1707,"url":"https:\/\/protecnic.es\/wp-content\/uploads\/2021\/05\/TAPONES-2-scaled.jpg","type":"image\/jpeg"}],"twitter_card":"summary_large_image","twitter_misc":{"Estimated reading time":"4 minutes"},"schema":{"@context":"https:\/\/schema.org","@graph":[{"@type":"WebPage","@id":"https:\/\/protecnic.es\/protecnic-productos\/cubre-tornillos\/","url":"https:\/\/protecnic.es\/protecnic-productos\/cubre-tornillos\/","name":"PROTECNIC | cubre tornillos, tapones y embellecedores","isPartOf":{"@id":"https:\/\/protecnic.es\/#website"},"primaryImageOfPage":{"@id":"https:\/\/protecnic.es\/protecnic-productos\/cubre-tornillos\/#primaryimage"},"image":{"@id":"https:\/\/protecnic.es\/protecnic-productos\/cubre-tornillos\/#primaryimage"},"thumbnailUrl":"https:\/\/protecnic.es\/wp-content\/uploads\/2021\/05\/TAPONES-2-scaled.jpg","datePublished":"2021-02-25T12:01:09+00:00","dateModified":"2022-02-10T15:12:06+00:00","description":"Cubre tornillos para ocultar la cabeza de estos en el montaje de tus mueble. Tenemos multitud de colores y texturas de madera.","breadcrumb":{"@id":"https:\/\/protecnic.es\/protecnic-productos\/cubre-tornillos\/#breadcrumb"},"inLanguage":"en-GB","potentialAction":[{"@type":"ReadAction","target":["https:\/\/protecnic.es\/protecnic-productos\/cubre-tornillos\/"]}]},{"@type":"ImageObject","inLanguage":"en-GB","@id":"https:\/\/protecnic.es\/protecnic-productos\/cubre-tornillos\/#primaryimage","url":"https:\/\/protecnic.es\/wp-content\/uploads\/2021\/05\/TAPONES-2-scaled.jpg","contentUrl":"https:\/\/protecnic.es\/wp-content\/uploads\/2021\/05\/TAPONES-2-scaled.jpg","width":2560,"height":1707,"caption":"vista de diferentes dise\u00f1os de tapones"},{"@type":"BreadcrumbList","@id":"https:\/\/protecnic.es\/protecnic-productos\/cubre-tornillos\/#breadcrumb","itemListElement":[{"@type":"ListItem","position":1,"name":"Home","item":"https:\/\/protecnic.es\/"},{"@type":"ListItem","position":2,"name":"Productos","item":"https:\/\/protecnic.es\/protecnic-productos\/"},{"@type":"ListItem","position":3,"name":"Cubre tornillos"}]},{"@type":"WebSite","@id":"https:\/\/protecnic.es\/#website","url":"https:\/\/protecnic.es\/","name":"Protecnic","description":"Protecnic","potentialAction":[{"@type":"SearchAction","target":{"@type":"EntryPoint","urlTemplate":"https:\/\/protecnic.es\/?s={search_term_string}"},"query-input":{"@type":"PropertyValueSpecification","valueRequired":true,"valueName":"search_term_string"}}],"inLanguage":"en-GB"}]}},"_links":{"self":[{"href":"https:\/\/protecnic.es\/en\/wp-json\/wp\/v2\/pages\/41"}],"collection":[{"href":"https:\/\/protecnic.es\/en\/wp-json\/wp\/v2\/pages"}],"about":[{"href":"https:\/\/protecnic.es\/en\/wp-json\/wp\/v2\/types\/page"}],"author":[{"embeddable":true,"href":"https:\/\/protecnic.es\/en\/wp-json\/wp\/v2\/users\/1"}],"replies":[{"embeddable":true,"href":"https:\/\/protecnic.es\/en\/wp-json\/wp\/v2\/comments?post=41"}],"version-history":[{"count":5,"href":"https:\/\/protecnic.es\/en\/wp-json\/wp\/v2\/pages\/41\/revisions"}],"predecessor-version":[{"id":2748,"href":"https:\/\/protecnic.es\/en\/wp-json\/wp\/v2\/pages\/41\/revisions\/2748"}],"up":[{"embeddable":true,"href":"https:\/\/protecnic.es\/en\/wp-json\/wp\/v2\/pages\/35"}],"wp:featuredmedia":[{"embeddable":true,"href":"https:\/\/protecnic.es\/en\/wp-json\/wp\/v2\/media\/932"}],"wp:attachment":[{"href":"https:\/\/protecnic.es\/en\/wp-json\/wp\/v2\/media?parent=41"}],"curies":[{"name":"wp","href":"https:\/\/api.w.org\/{rel}","templated":true}]}}