{"id":55,"date":"2021-02-25T13:03:14","date_gmt":"2021-02-25T12:03:14","guid":{"rendered":"http:\/\/protecnic.gpnetsolutions.com\/?page_id=55"},"modified":"2025-10-13T11:32:27","modified_gmt":"2025-10-13T09:32:27","slug":"download","status":"publish","type":"page","link":"https:\/\/protecnic.es\/en\/download\/","title":{"rendered":"Download"},"content":{"rendered":"<div data-elementor-type=\"wp-page\" data-elementor-id=\"55\" class=\"elementor elementor-55\" data-elementor-post-type=\"page\">\n\t\t\t\t\t\t<section class=\"elementor-section elementor-top-section elementor-element elementor-element-7c0aad5 elementor-section-boxed elementor-section-height-default elementor-section-height-default\" data-id=\"7c0aad5\" data-element_type=\"section\">\n\t\t\t\t\t\t<div class=\"elementor-container elementor-column-gap-default\">\n\t\t\t\t\t<div class=\"elementor-column elementor-col-100 elementor-top-column elementor-element elementor-element-dfea29c\" data-id=\"dfea29c\" data-element_type=\"column\">\n\t\t\t<div class=\"elementor-widget-wrap elementor-element-populated\">\n\t\t\t\t\t\t<div class=\"elementor-element elementor-element-58342df elementor-widget elementor-widget-heading\" data-id=\"58342df\" data-element_type=\"widget\" data-widget_type=\"heading.default\">\n\t\t\t\t<div class=\"elementor-widget-container\">\n\t\t\t<h2 class=\"elementor-heading-title elementor-size-default\">Download<\/h2>\t\t<\/div>\n\t\t\t\t<\/div>\n\t\t\t\t\t<\/div>\n\t\t<\/div>\n\t\t\t\t\t<\/div>\n\t\t<\/section>\n\t\t\t\t<section class=\"elementor-section elementor-top-section elementor-element elementor-element-056bdb9 elementor-section-boxed elementor-section-height-default elementor-section-height-default\" data-id=\"056bdb9\" data-element_type=\"section\">\n\t\t\t\t\t\t<div class=\"elementor-container elementor-column-gap-default\">\n\t\t\t\t\t<div class=\"elementor-column elementor-col-100 elementor-top-column elementor-element elementor-element-51fbbfe\" data-id=\"51fbbfe\" data-element_type=\"column\">\n\t\t\t<div class=\"elementor-widget-wrap elementor-element-populated\">\n\t\t\t\t\t\t<div class=\"elementor-element elementor-element-d6c3f70 elementor-tabs-view-horizontal elementor-invisible elementor-widget elementor-widget-tabs\" data-id=\"d6c3f70\" data-element_type=\"widget\" data-settings=\"{&quot;_animation&quot;:&quot;slideInLeft&quot;}\" data-widget_type=\"tabs.default\">\n\t\t\t\t<div class=\"elementor-widget-container\">\n\t\t\t\t\t<div class=\"elementor-tabs\">\n\t\t\t<div class=\"elementor-tabs-wrapper\" role=\"tablist\" >\n\t\t\t\t\t\t\t\t\t<div id=\"elementor-tab-title-2251\" class=\"elementor-tab-title elementor-tab-desktop-title\" aria-selected=\"true\" data-tab=\"1\" role=\"tab\" tabindex=\"0\" aria-controls=\"elementor-tab-content-2251\" aria-expanded=\"false\">Tabla de equivalencias por fabricante<\/div>\n\t\t\t\t\t\t\t\t\t<div id=\"elementor-tab-title-2252\" class=\"elementor-tab-title elementor-tab-desktop-title\" aria-selected=\"false\" data-tab=\"2\" role=\"tab\" tabindex=\"-1\" aria-controls=\"elementor-tab-content-2252\" aria-expanded=\"false\">Cat\u00e1logos<\/div>\n\t\t\t\t\t\t\t\t\t<div id=\"elementor-tab-title-2253\" class=\"elementor-tab-title elementor-tab-desktop-title\" aria-selected=\"false\" data-tab=\"3\" role=\"tab\" tabindex=\"-1\" aria-controls=\"elementor-tab-content-2253\" aria-expanded=\"false\">Acabados de superficie<\/div>\n\t\t\t\t\t\t\t\t\t<div id=\"elementor-tab-title-2254\" class=\"elementor-tab-title elementor-tab-desktop-title\" aria-selected=\"false\" data-tab=\"4\" role=\"tab\" tabindex=\"-1\" aria-controls=\"elementor-tab-content-2254\" aria-expanded=\"false\">CERTIFICACIONES<\/div>\n\t\t\t\t\t\t\t\t\t<div id=\"elementor-tab-title-2255\" class=\"elementor-tab-title elementor-tab-desktop-title\" aria-selected=\"false\" data-tab=\"5\" role=\"tab\" tabindex=\"-1\" aria-controls=\"elementor-tab-content-2255\" aria-expanded=\"false\">Quality, prevention, and environmental policy<\/div>\n\t\t\t\t\t\t\t\t\t<div id=\"elementor-tab-title-2256\" class=\"elementor-tab-title elementor-tab-desktop-title\" aria-selected=\"false\" data-tab=\"6\" role=\"tab\" tabindex=\"-1\" aria-controls=\"elementor-tab-content-2256\" aria-expanded=\"false\">T\u00e9rminos y condiciones<\/div>\n\t\t\t\t\t\t\t\t\t<div id=\"elementor-tab-title-2257\" class=\"elementor-tab-title elementor-tab-desktop-title\" aria-selected=\"false\" data-tab=\"7\" role=\"tab\" tabindex=\"-1\" aria-controls=\"elementor-tab-content-2257\" aria-expanded=\"false\">English<\/div>\n\t\t\t\t\t\t\t\t\t<div id=\"elementor-tab-title-2258\" class=\"elementor-tab-title elementor-tab-desktop-title\" aria-selected=\"false\" data-tab=\"8\" role=\"tab\" tabindex=\"-1\" aria-controls=\"elementor-tab-content-2258\" aria-expanded=\"false\">Fran\u00e7ais<\/div>\n\t\t\t\t\t\t\t<\/div>\n\t\t\t<div class=\"elementor-tabs-content-wrapper\" role=\"tablist\" aria-orientation=\"vertical\">\n\t\t\t\t\t\t\t\t\t<div class=\"elementor-tab-title elementor-tab-mobile-title\" aria-selected=\"true\" data-tab=\"1\" role=\"tab\" tabindex=\"0\" aria-controls=\"elementor-tab-content-2251\" aria-expanded=\"false\">Tabla de equivalencias por fabricante<\/div>\n\t\t\t\t\t<div id=\"elementor-tab-content-2251\" class=\"elementor-tab-content elementor-clearfix\" data-tab=\"1\" role=\"tabpanel\" aria-labelledby=\"elementor-tab-title-2251\" tabindex=\"0\" hidden=\"false\"><p><a href=\"https:\/\/protecnic.es\/en\/tabla-equivalencias-egger\/\">TABLA EQUIVALENCIAS &#8211; EGGER<\/a><\/p><p><a href=\"https:\/\/protecnic.es\/en\/tabla-equivalencias-finsa\/\">TABLA EQUIVALENCIAS &#8211; FINSA <\/a><\/p><p><a href=\"https:\/\/protecnic.es\/en\/tabla-equivalencias-kronospan\/\">TABLA EQUIVALENCIAS &#8211; KRONOSPAN<\/a><\/p><p><a href=\"https:\/\/protecnic.es\/en\/tabla-equivalencias-sonae-arauco\/\">TABLA EQUIVALENCIAS &#8211; SONAE ARAUCO<\/a><\/p><p><a href=\"https:\/\/protecnic.es\/en\/tabla-equivalencias-losan\/\">TABLA EQUIVALENCIAS &#8211; LOSAN<\/a><\/p><p><a href=\"https:\/\/protecnic.es\/en\/tabla-equivalencias-tecnotabla\/\">TABLA EQUIVALENCIAS &#8211; TECNOTABLA<\/a><\/p><p><a href=\"https:\/\/protecnic.es\/en\/tabla-equivalencias-masisa\/\">TABLA EQUIVALENCIAS &#8211; MASISA<\/a><\/p><p><a href=\"https:\/\/protecnic.es\/en\/tabla-equivalencias-intasa\/\">TABLA EQUIVALENCIAS &#8211; INTASA<\/a><\/p><p><a href=\"https:\/\/protecnic.es\/en\/tabla-equivalencias-faplac\/\">TABLA EQUIVALENCIAS &#8211; FAPLAC <\/a><\/p><p><a href=\"https:\/\/protecnic.es\/en\/tabla-equivalencias-arauco\/\">TABLA EQUIVALENCIAS &#8211; ARAUCO<\/a><\/p><p><a href=\"https:\/\/protecnic.es\/en\/tabla-equivalencias-arpa-fenix\/\">TABLA DE EQUIVALENCIAS &#8211; ARPA FENYX<\/a><\/p><p><a href=\"https:\/\/protecnic.es\/en\/tabla-equivalencias-sudesa\/\">TABLA DE EQUIVALENCIAS &#8211; SUDESA<\/a><\/p><p><a href=\"https:\/\/protecnic.es\/en\/tabla-equivalencias-emporio-skin\/\">TABLA DE EQUIVALENCIAS &#8211; EMPORIO SKIN<\/a><\/p><p><a href=\"https:\/\/protecnic.es\/wp-content\/uploads\/2025\/06\/TABLA-EQUIVALENCIAS-TABLEROS-HISPANOS.pdf\">TABLA EQUIVALENCIAS &#8211; TABLEROS HISPANOS<\/a><\/p><\/div>\n\t\t\t\t\t\t\t\t\t<div class=\"elementor-tab-title elementor-tab-mobile-title\" aria-selected=\"false\" data-tab=\"2\" role=\"tab\" tabindex=\"-1\" aria-controls=\"elementor-tab-content-2252\" aria-expanded=\"false\">Cat\u00e1logos<\/div>\n\t\t\t\t\t<div id=\"elementor-tab-content-2252\" class=\"elementor-tab-content elementor-clearfix\" data-tab=\"2\" role=\"tabpanel\" aria-labelledby=\"elementor-tab-title-2252\" tabindex=\"0\" hidden=\"hidden\"><p><a href=\"https:\/\/protecnic.es\/wp-content\/uploads\/2024\/06\/ES2024-CATALOGO-CANTOS-DE-PVC-Y-ABS-WEB.pdf\">CANTO DE PVC Y ABS<\/a><\/p><p><a href=\"https:\/\/protecnic.es\/en\/es2025-web-kit-persiana-2025\/\">CAT\u00c1LOGO PERSIANA<\/a><\/p><p><a href=\"https:\/\/protecnic.es\/wp-content\/uploads\/2022\/07\/PERFILES-TECNICOS.pdf\">PERFILES T\u00c9CNICOS<\/a><\/p><p><a href=\"https:\/\/protecnic.es\/wp-content\/uploads\/2022\/07\/CANTO-FLEXIBLE.pdf\">CANTO FLEXIBLE<\/a><\/p><\/div>\n\t\t\t\t\t\t\t\t\t<div class=\"elementor-tab-title elementor-tab-mobile-title\" aria-selected=\"false\" data-tab=\"3\" role=\"tab\" tabindex=\"-1\" aria-controls=\"elementor-tab-content-2253\" aria-expanded=\"false\">Acabados de superficie<\/div>\n\t\t\t\t\t<div id=\"elementor-tab-content-2253\" class=\"elementor-tab-content elementor-clearfix\" data-tab=\"3\" role=\"tabpanel\" aria-labelledby=\"elementor-tab-title-2253\" tabindex=\"0\" hidden=\"hidden\"><p><a href=\"https:\/\/protecnic.es\/wp-content\/uploads\/2021\/10\/POROS.pdf\">POROS<\/a><\/p><\/div>\n\t\t\t\t\t\t\t\t\t<div class=\"elementor-tab-title elementor-tab-mobile-title\" aria-selected=\"false\" data-tab=\"4\" role=\"tab\" tabindex=\"-1\" aria-controls=\"elementor-tab-content-2254\" aria-expanded=\"false\">CERTIFICACIONES<\/div>\n\t\t\t\t\t<div id=\"elementor-tab-content-2254\" class=\"elementor-tab-content elementor-clearfix\" data-tab=\"4\" role=\"tabpanel\" aria-labelledby=\"elementor-tab-title-2254\" tabindex=\"0\" hidden=\"hidden\"><p><a href=\"https:\/\/protecnic.es\/wp-content\/uploads\/2023\/11\/23510070_Tecnicas-y-Aplicaciones-Productivas-QM-en.pdf\">23510070_T\u00e9cnicas y Aplicaciones Productivas QM en<\/a><\/p><p><a href=\"https:\/\/protecnic.es\/wp-content\/uploads\/2023\/11\/23510070_Tecnicas-y-Aplicaciones-Productivas-QM-es.pdf\">23510070_T\u00e9cnicas y Aplicaciones Productivas QM es<\/a><\/p><\/div>\n\t\t\t\t\t\t\t\t\t<div class=\"elementor-tab-title elementor-tab-mobile-title\" aria-selected=\"false\" data-tab=\"5\" role=\"tab\" tabindex=\"-1\" aria-controls=\"elementor-tab-content-2255\" aria-expanded=\"false\">Quality, prevention, and environmental policy<\/div>\n\t\t\t\t\t<div id=\"elementor-tab-content-2255\" class=\"elementor-tab-content elementor-clearfix\" data-tab=\"5\" role=\"tabpanel\" aria-labelledby=\"elementor-tab-title-2255\" tabindex=\"0\" hidden=\"hidden\"><p><a href=\"https:\/\/protecnic.es\/wp-content\/uploads\/2024\/06\/QUALITY-PREVENTION-AND-ENVIRONMENTAL-POLICY.pdf\">Pol\u00edtica de Calidad, Seguridad y Medio ambiente<\/a><\/p><\/div>\n\t\t\t\t\t\t\t\t\t<div class=\"elementor-tab-title elementor-tab-mobile-title\" aria-selected=\"false\" data-tab=\"6\" role=\"tab\" tabindex=\"-1\" aria-controls=\"elementor-tab-content-2256\" aria-expanded=\"false\">T\u00e9rminos y condiciones<\/div>\n\t\t\t\t\t<div id=\"elementor-tab-content-2256\" class=\"elementor-tab-content elementor-clearfix\" data-tab=\"6\" role=\"tabpanel\" aria-labelledby=\"elementor-tab-title-2256\" tabindex=\"0\" hidden=\"hidden\"><p><a href=\"https:\/\/protecnic.es\/wp-content\/uploads\/2021\/10\/TERMINOS-Y-CONDICIONES-DE-VENTA-PROTECNIC.pdf\">Terminos y condiciones de venta<\/a><\/p><\/div>\n\t\t\t\t\t\t\t\t\t<div class=\"elementor-tab-title elementor-tab-mobile-title\" aria-selected=\"false\" data-tab=\"7\" role=\"tab\" tabindex=\"-1\" aria-controls=\"elementor-tab-content-2257\" aria-expanded=\"false\">English<\/div>\n\t\t\t\t\t<div id=\"elementor-tab-content-2257\" class=\"elementor-tab-content elementor-clearfix\" data-tab=\"7\" role=\"tabpanel\" aria-labelledby=\"elementor-tab-title-2257\" tabindex=\"0\" hidden=\"hidden\"><p><img decoding=\"async\" class=\"alignnone wp-image-3982\" src=\"https:\/\/protecnic.es\/wp-content\/uploads\/2023\/03\/UNITED-KINGDOM-8.png\" alt=\"\" width=\"40\" height=\"27\" srcset=\"https:\/\/protecnic.es\/wp-content\/uploads\/2023\/03\/UNITED-KINGDOM-8.png 113w, https:\/\/protecnic.es\/wp-content\/uploads\/2023\/03\/UNITED-KINGDOM-8-18x12.png 18w\" sizes=\"(max-width: 40px) 100vw, 40px\" \/><\/p><p><a href=\"https:\/\/protecnic.es\/wp-content\/uploads\/2024\/05\/EN2024-PROTECNIC-EDGEBANDING-PVC-ABS.pdf\">EN2024 &#8211; EDGEBANDING PVC ABS<\/a><\/p><p><a href=\"https:\/\/protecnic.es\/wp-content\/uploads\/2023\/03\/EN-T-MOLDING-EDGEBANDS.pdf\">EN-T-MOLDING EDGEBANDS<\/a><\/p><p><a href=\"https:\/\/protecnic.es\/wp-content\/uploads\/2024\/05\/EN-TAMBOUR-DOOR-KIT-2024.pdf\">EN-TAMBOUR DOOR KIT <\/a><\/p><p><a href=\"https:\/\/protecnic.es\/wp-content\/uploads\/2023\/03\/EN-PRESENTATION.pdf\">EN-PRESENTATION<\/a><\/p><p><a href=\"https:\/\/protecnic.es\/wp-content\/uploads\/2023\/03\/EN-EXTRUSION-PROFILES.pdf\">EN-EXTRUSION PROFILES<\/a><\/p><\/div>\n\t\t\t\t\t\t\t\t\t<div class=\"elementor-tab-title elementor-tab-mobile-title\" aria-selected=\"false\" data-tab=\"8\" role=\"tab\" tabindex=\"-1\" aria-controls=\"elementor-tab-content-2258\" aria-expanded=\"false\">Fran\u00e7ais<\/div>\n\t\t\t\t\t<div id=\"elementor-tab-content-2258\" class=\"elementor-tab-content elementor-clearfix\" data-tab=\"8\" role=\"tabpanel\" aria-labelledby=\"elementor-tab-title-2258\" tabindex=\"0\" hidden=\"hidden\"><p><img decoding=\"async\" class=\"alignnone wp-image-3981\" src=\"https:\/\/protecnic.es\/wp-content\/uploads\/2023\/03\/FRANCE-8.png\" alt=\"\" width=\"40\" height=\"27\" srcset=\"https:\/\/protecnic.es\/wp-content\/uploads\/2023\/03\/FRANCE-8.png 113w, https:\/\/protecnic.es\/wp-content\/uploads\/2023\/03\/FRANCE-8-18x12.png 18w\" sizes=\"(max-width: 40px) 100vw, 40px\" \/><\/p><p><a href=\"https:\/\/protecnic.es\/wp-content\/uploads\/2023\/03\/FR-Bandes-de-chant-en-PVC-et-ABS.pdf\">FR-Bandes de chant en PVC et ABS<\/a><\/p><p><a href=\"https:\/\/protecnic.es\/wp-content\/uploads\/2023\/03\/FR-Bandes-de-chant-flexibles.pdf\">FR-Bandes de chant flexibles<\/a><\/p><p><a href=\"https:\/\/protecnic.es\/wp-content\/uploads\/2023\/03\/FR-PRESENTACION-AF.pdf\">FR-Pr\u00e9sentation<\/a><\/p><p><a href=\"https:\/\/protecnic.es\/wp-content\/uploads\/2023\/03\/FR-Profiles-techniques.pdf\">FR-Profiles techniques<\/a><\/p><p><a href=\"https:\/\/protecnic.es\/wp-content\/uploads\/2023\/03\/FR-Rideau-darmoire.pdf\">FR-Rideau d\u2019armoire<\/a><\/p><\/div>\n\t\t\t\t\t\t\t<\/div>\n\t\t<\/div>\n\t\t\t\t<\/div>\n\t\t\t\t<\/div>\n\t\t\t\t\t<\/div>\n\t\t<\/div>\n\t\t\t\t\t<\/div>\n\t\t<\/section>\n\t\t\t\t<\/div>","protected":false},"excerpt":{"rendered":"<p>Descargas Tabla de equivalencias por fabricante Cat\u00e1logos Acabados de superficie CERTIFICACIONES Pol\u00edtica de calidad T\u00e9rminos y condiciones English Fran\u00e7ais Tabla de equivalencias por fabricante TABLA EQUIVALENCIAS &#8211; EGGER TABLA EQUIVALENCIAS &#8211; FINSA TABLA EQUIVALENCIAS &#8211; KRONOSPAN TABLA EQUIVALENCIAS &#8211; SONAE ARAUCO TABLA EQUIVALENCIAS &#8211; LOSAN TABLA EQUIVALENCIAS &#8211; TECNOTABLA TABLA EQUIVALENCIAS &#8211; MASISA TABLA EQUIVALENCIAS [&hellip;]<\/p>","protected":false},"author":1,"featured_media":4002,"parent":0,"menu_order":0,"comment_status":"closed","ping_status":"closed","template":"","meta":{"footnotes":""},"class_list":["post-55","page","type-page","status-publish","has-post-thumbnail","hentry"],"yoast_head":"<!-- This site is optimized with the Yoast SEO plugin v24.3 - https:\/\/yoast.com\/wordpress\/plugins\/seo\/ -->\n<title>Descargas - Protecnic<\/title>\n<meta name=\"robots\" content=\"noindex, follow\" \/>\n<meta property=\"og:locale\" content=\"en_GB\" \/>\n<meta property=\"og:type\" content=\"article\" \/>\n<meta property=\"og:title\" content=\"Descargas - Protecnic\" \/>\n<meta property=\"og:description\" content=\"Descargas Tabla de equivalencias por fabricante Cat\u00e1logos Acabados de superficie CERTIFICACIONES Pol\u00edtica de calidad T\u00e9rminos y condiciones English Fran\u00e7ais Tabla de equivalencias por fabricante TABLA EQUIVALENCIAS &#8211; EGGER TABLA EQUIVALENCIAS &#8211; FINSA TABLA EQUIVALENCIAS &#8211; KRONOSPAN TABLA EQUIVALENCIAS &#8211; SONAE ARAUCO TABLA EQUIVALENCIAS &#8211; LOSAN TABLA EQUIVALENCIAS &#8211; TECNOTABLA TABLA EQUIVALENCIAS &#8211; MASISA TABLA EQUIVALENCIAS [&hellip;]\" \/>\n<meta property=\"og:url\" content=\"https:\/\/protecnic.es\/en\/download\/\" \/>\n<meta property=\"og:site_name\" content=\"Protecnic\" \/>\n<meta property=\"article:publisher\" content=\"https:\/\/www.facebook.com\/grupo.protecnic\" \/>\n<meta property=\"article:modified_time\" content=\"2025-10-13T09:32:27+00:00\" \/>\n<meta property=\"og:image\" content=\"https:\/\/protecnic.es\/wp-content\/uploads\/2023\/03\/DOWNLOAD-PAGE-80.jpg\" \/>\n\t<meta property=\"og:image:width\" content=\"1080\" \/>\n\t<meta property=\"og:image:height\" content=\"567\" \/>\n\t<meta property=\"og:image:type\" content=\"image\/jpeg\" \/>\n<meta name=\"twitter:card\" content=\"summary_large_image\" \/>\n<meta name=\"twitter:label1\" content=\"Estimated reading time\" \/>\n\t<meta name=\"twitter:data1\" content=\"1 minute\" \/>\n<script type=\"application\/ld+json\" class=\"yoast-schema-graph\">{\"@context\":\"https:\/\/schema.org\",\"@graph\":[{\"@type\":\"WebPage\",\"@id\":\"https:\/\/protecnic.es\/download\/\",\"url\":\"https:\/\/protecnic.es\/download\/\",\"name\":\"Descargas - Protecnic\",\"isPartOf\":{\"@id\":\"https:\/\/protecnic.es\/#website\"},\"primaryImageOfPage\":{\"@id\":\"https:\/\/protecnic.es\/download\/#primaryimage\"},\"image\":{\"@id\":\"https:\/\/protecnic.es\/download\/#primaryimage\"},\"thumbnailUrl\":\"https:\/\/protecnic.es\/wp-content\/uploads\/2023\/03\/DOWNLOAD-PAGE-80.jpg\",\"datePublished\":\"2021-02-25T12:03:14+00:00\",\"dateModified\":\"2025-10-13T09:32:27+00:00\",\"breadcrumb\":{\"@id\":\"https:\/\/protecnic.es\/download\/#breadcrumb\"},\"inLanguage\":\"en-GB\",\"potentialAction\":[{\"@type\":\"ReadAction\",\"target\":[\"https:\/\/protecnic.es\/download\/\"]}]},{\"@type\":\"ImageObject\",\"inLanguage\":\"en-GB\",\"@id\":\"https:\/\/protecnic.es\/download\/#primaryimage\",\"url\":\"https:\/\/protecnic.es\/wp-content\/uploads\/2023\/03\/DOWNLOAD-PAGE-80.jpg\",\"contentUrl\":\"https:\/\/protecnic.es\/wp-content\/uploads\/2023\/03\/DOWNLOAD-PAGE-80.jpg\",\"width\":1080,\"height\":567},{\"@type\":\"BreadcrumbList\",\"@id\":\"https:\/\/protecnic.es\/download\/#breadcrumb\",\"itemListElement\":[{\"@type\":\"ListItem\",\"position\":1,\"name\":\"Home\",\"item\":\"https:\/\/protecnic.es\/\"},{\"@type\":\"ListItem\",\"position\":2,\"name\":\"Descargas\"}]},{\"@type\":\"WebSite\",\"@id\":\"https:\/\/protecnic.es\/#website\",\"url\":\"https:\/\/protecnic.es\/\",\"name\":\"Protecnic\",\"description\":\"Protecnic\",\"potentialAction\":[{\"@type\":\"SearchAction\",\"target\":{\"@type\":\"EntryPoint\",\"urlTemplate\":\"https:\/\/protecnic.es\/?s={search_term_string}\"},\"query-input\":{\"@type\":\"PropertyValueSpecification\",\"valueRequired\":true,\"valueName\":\"search_term_string\"}}],\"inLanguage\":\"en-GB\"}]}<\/script>\n<!-- \/ Yoast SEO plugin. -->","yoast_head_json":{"title":"Descargas - Protecnic","robots":{"index":"noindex","follow":"follow"},"og_locale":"en_GB","og_type":"article","og_title":"Descargas - Protecnic","og_description":"Descargas Tabla de equivalencias por fabricante Cat\u00e1logos Acabados de superficie CERTIFICACIONES Pol\u00edtica de calidad T\u00e9rminos y condiciones English Fran\u00e7ais Tabla de equivalencias por fabricante TABLA EQUIVALENCIAS &#8211; EGGER TABLA EQUIVALENCIAS &#8211; FINSA TABLA EQUIVALENCIAS &#8211; KRONOSPAN TABLA EQUIVALENCIAS &#8211; SONAE ARAUCO TABLA EQUIVALENCIAS &#8211; LOSAN TABLA EQUIVALENCIAS &#8211; TECNOTABLA TABLA EQUIVALENCIAS &#8211; MASISA TABLA EQUIVALENCIAS [&hellip;]","og_url":"https:\/\/protecnic.es\/en\/download\/","og_site_name":"Protecnic","article_publisher":"https:\/\/www.facebook.com\/grupo.protecnic","article_modified_time":"2025-10-13T09:32:27+00:00","og_image":[{"width":1080,"height":567,"url":"https:\/\/protecnic.es\/wp-content\/uploads\/2023\/03\/DOWNLOAD-PAGE-80.jpg","type":"image\/jpeg"}],"twitter_card":"summary_large_image","twitter_misc":{"Estimated reading time":"1 minute"},"schema":{"@context":"https:\/\/schema.org","@graph":[{"@type":"WebPage","@id":"https:\/\/protecnic.es\/download\/","url":"https:\/\/protecnic.es\/download\/","name":"Descargas - Protecnic","isPartOf":{"@id":"https:\/\/protecnic.es\/#website"},"primaryImageOfPage":{"@id":"https:\/\/protecnic.es\/download\/#primaryimage"},"image":{"@id":"https:\/\/protecnic.es\/download\/#primaryimage"},"thumbnailUrl":"https:\/\/protecnic.es\/wp-content\/uploads\/2023\/03\/DOWNLOAD-PAGE-80.jpg","datePublished":"2021-02-25T12:03:14+00:00","dateModified":"2025-10-13T09:32:27+00:00","breadcrumb":{"@id":"https:\/\/protecnic.es\/download\/#breadcrumb"},"inLanguage":"en-GB","potentialAction":[{"@type":"ReadAction","target":["https:\/\/protecnic.es\/download\/"]}]},{"@type":"ImageObject","inLanguage":"en-GB","@id":"https:\/\/protecnic.es\/download\/#primaryimage","url":"https:\/\/protecnic.es\/wp-content\/uploads\/2023\/03\/DOWNLOAD-PAGE-80.jpg","contentUrl":"https:\/\/protecnic.es\/wp-content\/uploads\/2023\/03\/DOWNLOAD-PAGE-80.jpg","width":1080,"height":567},{"@type":"BreadcrumbList","@id":"https:\/\/protecnic.es\/download\/#breadcrumb","itemListElement":[{"@type":"ListItem","position":1,"name":"Home","item":"https:\/\/protecnic.es\/"},{"@type":"ListItem","position":2,"name":"Descargas"}]},{"@type":"WebSite","@id":"https:\/\/protecnic.es\/#website","url":"https:\/\/protecnic.es\/","name":"Protecnic","description":"Protecnic","potentialAction":[{"@type":"SearchAction","target":{"@type":"EntryPoint","urlTemplate":"https:\/\/protecnic.es\/?s={search_term_string}"},"query-input":{"@type":"PropertyValueSpecification","valueRequired":true,"valueName":"search_term_string"}}],"inLanguage":"en-GB"}]}},"_links":{"self":[{"href":"https:\/\/protecnic.es\/en\/wp-json\/wp\/v2\/pages\/55"}],"collection":[{"href":"https:\/\/protecnic.es\/en\/wp-json\/wp\/v2\/pages"}],"about":[{"href":"https:\/\/protecnic.es\/en\/wp-json\/wp\/v2\/types\/page"}],"author":[{"embeddable":true,"href":"https:\/\/protecnic.es\/en\/wp-json\/wp\/v2\/users\/1"}],"replies":[{"embeddable":true,"href":"https:\/\/protecnic.es\/en\/wp-json\/wp\/v2\/comments?post=55"}],"version-history":[{"count":29,"href":"https:\/\/protecnic.es\/en\/wp-json\/wp\/v2\/pages\/55\/revisions"}],"predecessor-version":[{"id":7219,"href":"https:\/\/protecnic.es\/en\/wp-json\/wp\/v2\/pages\/55\/revisions\/7219"}],"wp:featuredmedia":[{"embeddable":true,"href":"https:\/\/protecnic.es\/en\/wp-json\/wp\/v2\/media\/4002"}],"wp:attachment":[{"href":"https:\/\/protecnic.es\/en\/wp-json\/wp\/v2\/media?parent=55"}],"curies":[{"name":"wp","href":"https:\/\/api.w.org\/{rel}","templated":true}]}}