{"id":579,"date":"2021-03-29T10:41:12","date_gmt":"2021-03-29T08:41:12","guid":{"rendered":"http:\/\/protecnic.gpnetsolutions.com\/productos\/matriceria-moldes-y-utillaje-copy\/"},"modified":"2022-02-10T16:17:16","modified_gmt":"2022-02-10T15:17:16","slug":"perfiles-tecnicos","status":"publish","type":"page","link":"https:\/\/protecnic.es\/en\/products\/profiles-and-extrusions\/","title":{"rendered":"Profiles and extrusions"},"content":{"rendered":"<div data-elementor-type=\"wp-page\" data-elementor-id=\"579\" class=\"elementor elementor-579\" data-elementor-post-type=\"page\">\n\t\t\t\t\t\t<section class=\"elementor-section elementor-top-section elementor-element elementor-element-1e1493d7 elementor-section-boxed elementor-section-height-default elementor-section-height-default\" data-id=\"1e1493d7\" data-element_type=\"section\">\n\t\t\t\t\t\t<div class=\"elementor-container elementor-column-gap-default\">\n\t\t\t\t\t<div class=\"elementor-column elementor-col-100 elementor-top-column elementor-element elementor-element-96a3891\" data-id=\"96a3891\" data-element_type=\"column\">\n\t\t\t<div class=\"elementor-widget-wrap elementor-element-populated\">\n\t\t\t\t\t\t<div class=\"elementor-element elementor-element-6d46ba07 elementor-widget elementor-widget-heading\" data-id=\"6d46ba07\" data-element_type=\"widget\" data-widget_type=\"heading.default\">\n\t\t\t\t<div class=\"elementor-widget-container\">\n\t\t\t<h1 class=\"elementor-heading-title elementor-size-default\">Profiles and extrusions<\/h1>\t\t<\/div>\n\t\t\t\t<\/div>\n\t\t\t\t<div class=\"elementor-element elementor-element-7b8f8a34 elementor-widget__width-initial elementor-widget elementor-widget-text-editor\" data-id=\"7b8f8a34\" data-element_type=\"widget\" data-widget_type=\"text-editor.default\">\n\t\t\t\t<div class=\"elementor-widget-container\">\n\t\t\t\t\t\t\t<p>Our knowledge and trajectory related to plastic extrusion technology guarantee our ability to tackle any type of special project related to the handling of this type of materials and the manufacture of solutions. Our technical profiles give a good account of this.<\/p>\t\t\t\t\t\t<\/div>\n\t\t\t\t<\/div>\n\t\t\t\t\t<\/div>\n\t\t<\/div>\n\t\t\t\t\t<\/div>\n\t\t<\/section>\n\t\t\t\t<section class=\"elementor-section elementor-top-section elementor-element elementor-element-a2de9c8 elementor-section-boxed elementor-section-height-default elementor-section-height-default\" data-id=\"a2de9c8\" data-element_type=\"section\">\n\t\t\t\t\t\t<div class=\"elementor-container elementor-column-gap-default\">\n\t\t\t\t\t<div class=\"elementor-column elementor-col-50 elementor-top-column elementor-element elementor-element-e7ceea5\" data-id=\"e7ceea5\" data-element_type=\"column\">\n\t\t\t<div class=\"elementor-widget-wrap elementor-element-populated\">\n\t\t\t\t\t\t<div class=\"elementor-element elementor-element-1d1d5c0 elementor-widget elementor-widget-text-editor\" data-id=\"1d1d5c0\" data-element_type=\"widget\" data-widget_type=\"text-editor.default\">\n\t\t\t\t<div class=\"elementor-widget-container\">\n\t\t\t\t\t\t\t<p>In our specialized industrial facilities in Castalla (Alicante), we have our own center for the design, development and optimization of tools that allows us to offer our clients the possibility of manufacturing technical profiles. Special projects that meet all your requirements. Thus, we work for all types of alternative energy industries, industrial facilities, furniture, the lighting sector, among others.<\/p>\t\t\t\t\t\t<\/div>\n\t\t\t\t<\/div>\n\t\t\t\t<div class=\"elementor-element elementor-element-39af234 elementor-widget elementor-widget-heading\" data-id=\"39af234\" data-element_type=\"widget\" data-widget_type=\"heading.default\">\n\t\t\t\t<div class=\"elementor-widget-container\">\n\t\t\t<h2 class=\"elementor-heading-title elementor-size-default\">Perfiles t\u00e9cnicos especiales<\/h2>\t\t<\/div>\n\t\t\t\t<\/div>\n\t\t\t\t<div class=\"elementor-element elementor-element-2df6177 elementor-widget elementor-widget-text-editor\" data-id=\"2df6177\" data-element_type=\"widget\" data-widget_type=\"text-editor.default\">\n\t\t\t\t<div class=\"elementor-widget-container\">\n\t\t\t\t\t\t\t<p>Our range of special profiles covers more than a hundred designs, which are constantly updated, as the ideas and projects of our clients require new, tailor-made solutions. No two companies are the same and, therefore, each profile has a different mission. The customization capacity of each project that we have treasured over the years allows us to provide a concrete response to each challenge posed.<\/p><p>From trims to dividers, handles or hinges, at Protecnic we can create all kinds of pieces thanks to our industrial capabilities, especially suitable for special projects.<\/p>\t\t\t\t\t\t<\/div>\n\t\t\t\t<\/div>\n\t\t\t\t\t<\/div>\n\t\t<\/div>\n\t\t\t\t<div class=\"elementor-column elementor-col-50 elementor-top-column elementor-element elementor-element-5342836\" data-id=\"5342836\" data-element_type=\"column\">\n\t\t\t<div class=\"elementor-widget-wrap elementor-element-populated\">\n\t\t\t\t\t\t<div class=\"elementor-element elementor-element-24b5a8d elementor-widget elementor-widget-image\" data-id=\"24b5a8d\" data-element_type=\"widget\" data-widget_type=\"image.default\">\n\t\t\t\t<div class=\"elementor-widget-container\">\n\t\t\t\t\t\t\t\t\t\t\t\t\t<img fetchpriority=\"high\" decoding=\"async\" width=\"834\" height=\"1250\" src=\"https:\/\/protecnic.es\/wp-content\/uploads\/2021\/03\/PORTADA-perfiles-tecnicos.jpg\" class=\"attachment-full size-full wp-image-588\" alt=\"perfiler\u00eda PVC\/ABS\" srcset=\"https:\/\/protecnic.es\/wp-content\/uploads\/2021\/03\/PORTADA-perfiles-tecnicos.jpg 834w, https:\/\/protecnic.es\/wp-content\/uploads\/2021\/03\/PORTADA-perfiles-tecnicos-200x300.jpg 200w, https:\/\/protecnic.es\/wp-content\/uploads\/2021\/03\/PORTADA-perfiles-tecnicos-683x1024.jpg 683w, https:\/\/protecnic.es\/wp-content\/uploads\/2021\/03\/PORTADA-perfiles-tecnicos-768x1151.jpg 768w, https:\/\/protecnic.es\/wp-content\/uploads\/2021\/03\/PORTADA-perfiles-tecnicos-8x12.jpg 8w\" sizes=\"(max-width: 834px) 100vw, 834px\" \/>\t\t\t\t\t\t\t\t\t\t\t\t\t<\/div>\n\t\t\t\t<\/div>\n\t\t\t\t\t<\/div>\n\t\t<\/div>\n\t\t\t\t\t<\/div>\n\t\t<\/section>\n\t\t\t\t<section class=\"elementor-section elementor-top-section elementor-element elementor-element-7ccca01 elementor-section-boxed elementor-section-height-default elementor-section-height-default\" data-id=\"7ccca01\" data-element_type=\"section\">\n\t\t\t\t\t\t<div class=\"elementor-container elementor-column-gap-default\">\n\t\t\t\t\t<div class=\"elementor-column elementor-col-50 elementor-top-column elementor-element elementor-element-4af8ca7\" data-id=\"4af8ca7\" data-element_type=\"column\">\n\t\t\t<div class=\"elementor-widget-wrap elementor-element-populated\">\n\t\t\t\t\t\t<div class=\"elementor-element elementor-element-86c9c4b elementor-widget elementor-widget-image\" data-id=\"86c9c4b\" data-element_type=\"widget\" data-widget_type=\"image.default\">\n\t\t\t\t<div class=\"elementor-widget-container\">\n\t\t\t\t\t\t\t\t\t\t\t\t\t<img decoding=\"async\" width=\"800\" height=\"533\" src=\"https:\/\/protecnic.es\/wp-content\/uploads\/2021\/03\/GALERIA-02-perfiles-tecnicos-1024x682.jpg\" class=\"attachment-large size-large wp-image-586\" alt=\"perfiler\u00eda PVC\/ABS\" srcset=\"https:\/\/protecnic.es\/wp-content\/uploads\/2021\/03\/GALERIA-02-perfiles-tecnicos-1024x682.jpg 1024w, https:\/\/protecnic.es\/wp-content\/uploads\/2021\/03\/GALERIA-02-perfiles-tecnicos-300x200.jpg 300w, https:\/\/protecnic.es\/wp-content\/uploads\/2021\/03\/GALERIA-02-perfiles-tecnicos-768x512.jpg 768w, https:\/\/protecnic.es\/wp-content\/uploads\/2021\/03\/GALERIA-02-perfiles-tecnicos-16x12.jpg 16w, https:\/\/protecnic.es\/wp-content\/uploads\/2021\/03\/GALERIA-02-perfiles-tecnicos.jpg 1250w\" sizes=\"(max-width: 800px) 100vw, 800px\" \/>\t\t\t\t\t\t\t\t\t\t\t\t\t<\/div>\n\t\t\t\t<\/div>\n\t\t\t\t\t<\/div>\n\t\t<\/div>\n\t\t\t\t<div class=\"elementor-column elementor-col-50 elementor-top-column elementor-element elementor-element-9490394\" data-id=\"9490394\" data-element_type=\"column\">\n\t\t\t<div class=\"elementor-widget-wrap elementor-element-populated\">\n\t\t\t\t\t\t<div class=\"elementor-element elementor-element-b6d5cac elementor-widget elementor-widget-heading\" data-id=\"b6d5cac\" data-element_type=\"widget\" data-widget_type=\"heading.default\">\n\t\t\t\t<div class=\"elementor-widget-container\">\n\t\t\t<h2 class=\"elementor-heading-title elementor-size-default\">Different designs<\/h2>\t\t<\/div>\n\t\t\t\t<\/div>\n\t\t\t\t<div class=\"elementor-element elementor-element-e816f18 elementor-widget elementor-widget-text-editor\" data-id=\"e816f18\" data-element_type=\"widget\" data-widget_type=\"text-editor.default\">\n\t\t\t\t<div class=\"elementor-widget-container\">\n\t\t\t\t\t\t\t<p>Each design of our technical profiles is unique. Its uses are multiple and varied and respond to specific needs to which we have provided solutions from our technical office thanks to our history linked to plastic extrusion.<\/p><p>From technical pieces for the furniture industry to specific profiles for other sectors. They can combine different hardnesses of the plastic and even fuse different materials, which achieve excellent efficiency thanks to the precision of our equipment and our specialists.<\/p>\t\t\t\t\t\t<\/div>\n\t\t\t\t<\/div>\n\t\t\t\t\t<\/div>\n\t\t<\/div>\n\t\t\t\t\t<\/div>\n\t\t<\/section>\n\t\t\t\t<section class=\"elementor-section elementor-top-section elementor-element elementor-element-2910994f elementor-section-boxed elementor-section-height-default elementor-section-height-default\" data-id=\"2910994f\" data-element_type=\"section\">\n\t\t\t\t\t\t<div class=\"elementor-container elementor-column-gap-default\">\n\t\t\t\t\t<div class=\"elementor-column elementor-col-100 elementor-top-column elementor-element elementor-element-66117f10\" data-id=\"66117f10\" data-element_type=\"column\">\n\t\t\t<div class=\"elementor-widget-wrap elementor-element-populated\">\n\t\t\t\t\t\t<div class=\"elementor-element elementor-element-38ccc1b elementor-widget elementor-widget-image\" data-id=\"38ccc1b\" data-element_type=\"widget\" data-widget_type=\"image.default\">\n\t\t\t\t<div class=\"elementor-widget-container\">\n\t\t\t\t\t\t\t\t\t\t\t\t\t<img decoding=\"async\" src=\"https:\/\/protecnic.es\/wp-content\/uploads\/2021\/08\/ICONOS-3.png\" title=\"ICONOS-3\" alt=\"Icono canto para tableros de melamina\" loading=\"lazy\" \/>\t\t\t\t\t\t\t\t\t\t\t\t\t<\/div>\n\t\t\t\t<\/div>\n\t\t\t\t\t<\/div>\n\t\t<\/div>\n\t\t\t\t\t<\/div>\n\t\t<\/section>\n\t\t\t\t<section class=\"elementor-section elementor-top-section elementor-element elementor-element-4fe10216 elementor-section-boxed elementor-section-height-default elementor-section-height-default\" data-id=\"4fe10216\" data-element_type=\"section\">\n\t\t\t\t\t\t<div class=\"elementor-container elementor-column-gap-default\">\n\t\t\t\t\t<div class=\"elementor-column elementor-col-100 elementor-top-column elementor-element elementor-element-7c7eb472\" data-id=\"7c7eb472\" data-element_type=\"column\">\n\t\t\t<div class=\"elementor-widget-wrap elementor-element-populated\">\n\t\t\t\t\t\t<div class=\"elementor-element elementor-element-54a6ac3 elementor-widget elementor-widget-gallery\" data-id=\"54a6ac3\" data-element_type=\"widget\" data-settings=\"{&quot;columns&quot;:3,&quot;aspect_ratio&quot;:&quot;16:9&quot;,&quot;columns_mobile&quot;:2,&quot;lazyload&quot;:&quot;yes&quot;,&quot;gallery_layout&quot;:&quot;grid&quot;,&quot;columns_tablet&quot;:2,&quot;gap&quot;:{&quot;unit&quot;:&quot;px&quot;,&quot;size&quot;:10,&quot;sizes&quot;:[]},&quot;gap_tablet&quot;:{&quot;unit&quot;:&quot;px&quot;,&quot;size&quot;:10,&quot;sizes&quot;:[]},&quot;gap_mobile&quot;:{&quot;unit&quot;:&quot;px&quot;,&quot;size&quot;:10,&quot;sizes&quot;:[]},&quot;link_to&quot;:&quot;file&quot;,&quot;overlay_background&quot;:&quot;yes&quot;,&quot;content_hover_animation&quot;:&quot;fade-in&quot;}\" data-widget_type=\"gallery.default\">\n\t\t\t\t<div class=\"elementor-widget-container\">\n\t\t\t\t\t<div class=\"elementor-gallery__container\">\n\t\t\t\t\t\t\t<a class=\"e-gallery-item elementor-gallery-item elementor-animated-content\" href=\"https:\/\/protecnic.es\/wp-content\/uploads\/2021\/03\/GALERIA-03-perfiles-tecnicos.jpg\" data-elementor-open-lightbox=\"yes\" data-elementor-lightbox-slideshow=\"54a6ac3\" data-elementor-lightbox-title=\"GALERIA 03-perfiles-tecnicos\" data-e-action-hash=\"#elementor-action%3Aaction%3Dlightbox%26settings%3DeyJpZCI6NTg1LCJ1cmwiOiJodHRwczpcL1wvcHJvdGVjbmljLmVzXC93cC1jb250ZW50XC91cGxvYWRzXC8yMDIxXC8wM1wvR0FMRVJJQS0wMy1wZXJmaWxlcy10ZWNuaWNvcy5qcGciLCJzbGlkZXNob3ciOiI1NGE2YWMzIn0%3D\">\n\t\t\t\t\t<div class=\"e-gallery-image elementor-gallery-item__image\" data-thumbnail=\"https:\/\/protecnic.es\/wp-content\/uploads\/2021\/03\/GALERIA-03-perfiles-tecnicos-768x512.jpg\" data-width=\"768\" data-height=\"512\" aria-label=\"perfiler\u00eda PVC\/ABS\" role=\"img\" ><\/div>\n\t\t\t\t\t\t\t\t\t\t\t<div class=\"elementor-gallery-item__overlay\"><\/div>\n\t\t\t\t\t\t\t\t\t\t\t\t\t\t<\/a>\n\t\t\t\t\t\t\t<a class=\"e-gallery-item elementor-gallery-item elementor-animated-content\" href=\"https:\/\/protecnic.es\/wp-content\/uploads\/2021\/03\/GALERIA-02-perfiles-tecnicos.jpg\" data-elementor-open-lightbox=\"yes\" data-elementor-lightbox-slideshow=\"54a6ac3\" data-elementor-lightbox-title=\"GALERIA 02-perfiles-tecnicos\" data-e-action-hash=\"#elementor-action%3Aaction%3Dlightbox%26settings%3DeyJpZCI6NTg2LCJ1cmwiOiJodHRwczpcL1wvcHJvdGVjbmljLmVzXC93cC1jb250ZW50XC91cGxvYWRzXC8yMDIxXC8wM1wvR0FMRVJJQS0wMi1wZXJmaWxlcy10ZWNuaWNvcy5qcGciLCJzbGlkZXNob3ciOiI1NGE2YWMzIn0%3D\">\n\t\t\t\t\t<div class=\"e-gallery-image elementor-gallery-item__image\" data-thumbnail=\"https:\/\/protecnic.es\/wp-content\/uploads\/2021\/03\/GALERIA-02-perfiles-tecnicos-768x512.jpg\" data-width=\"768\" data-height=\"512\" aria-label=\"perfiler\u00eda PVC\/ABS\" role=\"img\" ><\/div>\n\t\t\t\t\t\t\t\t\t\t\t<div class=\"elementor-gallery-item__overlay\"><\/div>\n\t\t\t\t\t\t\t\t\t\t\t\t\t\t<\/a>\n\t\t\t\t\t\t\t<a class=\"e-gallery-item elementor-gallery-item elementor-animated-content\" href=\"https:\/\/protecnic.es\/wp-content\/uploads\/2021\/03\/GALERIA-01-perfiles-tecnicos.jpg\" data-elementor-open-lightbox=\"yes\" data-elementor-lightbox-slideshow=\"54a6ac3\" data-elementor-lightbox-title=\"GALERIA 01-perfiles-tecnicos\" data-e-action-hash=\"#elementor-action%3Aaction%3Dlightbox%26settings%3DeyJpZCI6NTg3LCJ1cmwiOiJodHRwczpcL1wvcHJvdGVjbmljLmVzXC93cC1jb250ZW50XC91cGxvYWRzXC8yMDIxXC8wM1wvR0FMRVJJQS0wMS1wZXJmaWxlcy10ZWNuaWNvcy5qcGciLCJzbGlkZXNob3ciOiI1NGE2YWMzIn0%3D\">\n\t\t\t\t\t<div class=\"e-gallery-image elementor-gallery-item__image\" data-thumbnail=\"https:\/\/protecnic.es\/wp-content\/uploads\/2021\/03\/GALERIA-01-perfiles-tecnicos-768x512.jpg\" data-width=\"768\" data-height=\"512\" aria-label=\"perfiler\u00eda PVC\/ABS\" role=\"img\" ><\/div>\n\t\t\t\t\t\t\t\t\t\t\t<div class=\"elementor-gallery-item__overlay\"><\/div>\n\t\t\t\t\t\t\t\t\t\t\t\t\t\t<\/a>\n\t\t\t\t\t<\/div>\n\t\t\t<\/div>\n\t\t\t\t<\/div>\n\t\t\t\t\t<\/div>\n\t\t<\/div>\n\t\t\t\t\t<\/div>\n\t\t<\/section>\n\t\t\t\t<\/div>","protected":false},"excerpt":{"rendered":"<p>Perfiles t\u00e9cnicos Nuestro conocimiento y trayectoria vinculados con la tecnolog\u00eda de la extrusi\u00f3n del pl\u00e1stico avalan nuestra capacidad para abordar cualquier tipo de de proyectos especiales vinculados con la manipulaci\u00f3n de este tipo de materiales y con la fabricaci\u00f3n de soluciones. Nuestros perfiles t\u00e9cnicos dan buena cuenta de ello. En nuestras instalaciones industriales especializadas de [&hellip;]<\/p>","protected":false},"author":1,"featured_media":587,"parent":35,"menu_order":0,"comment_status":"closed","ping_status":"closed","template":"","meta":{"footnotes":""},"class_list":["post-579","page","type-page","status-publish","has-post-thumbnail","hentry"],"yoast_head":"<!-- This site is optimized with the Yoast SEO plugin v24.3 - https:\/\/yoast.com\/wordpress\/plugins\/seo\/ -->\n<title>PROTECNIC | Dise\u00f1o, desarrollo, fabricaci\u00f3n de perfiles t\u00e9cnicos<\/title>\n<meta name=\"description\" content=\"Dise\u00f1amos y fabricamos perfiles t\u00e9cnicos especiales para diferentes industrias. Mueble, iluminaci\u00f3n, energ\u00edas alternativas...\" \/>\n<meta name=\"robots\" content=\"index, follow, max-snippet:-1, max-image-preview:large, max-video-preview:-1\" \/>\n<link rel=\"canonical\" href=\"https:\/\/protecnic.es\/en\/protecnic-productos\/perfiles-tecnicos\/\" \/>\n<meta property=\"og:locale\" content=\"en_GB\" \/>\n<meta property=\"og:type\" content=\"article\" \/>\n<meta property=\"og:title\" content=\"PROTECNIC | Dise\u00f1o, desarrollo, fabricaci\u00f3n de perfiles t\u00e9cnicos\" \/>\n<meta property=\"og:description\" content=\"Dise\u00f1amos y fabricamos perfiles t\u00e9cnicos especiales para diferentes industrias. Mueble, iluminaci\u00f3n, energ\u00edas alternativas...\" \/>\n<meta property=\"og:url\" content=\"https:\/\/protecnic.es\/en\/protecnic-productos\/perfiles-tecnicos\/\" \/>\n<meta property=\"og:site_name\" content=\"Protecnic\" \/>\n<meta property=\"article:publisher\" content=\"https:\/\/www.facebook.com\/grupo.protecnic\" \/>\n<meta property=\"article:modified_time\" content=\"2022-02-10T15:17:16+00:00\" \/>\n<meta property=\"og:image\" content=\"https:\/\/protecnic.es\/wp-content\/uploads\/2021\/03\/GALERIA-01-perfiles-tecnicos.jpg\" \/>\n\t<meta property=\"og:image:width\" content=\"1250\" \/>\n\t<meta property=\"og:image:height\" content=\"833\" \/>\n\t<meta property=\"og:image:type\" content=\"image\/jpeg\" \/>\n<meta name=\"twitter:card\" content=\"summary_large_image\" \/>\n<meta name=\"twitter:label1\" content=\"Estimated reading time\" \/>\n\t<meta name=\"twitter:data1\" content=\"2 minutes\" \/>\n<script type=\"application\/ld+json\" class=\"yoast-schema-graph\">{\"@context\":\"https:\/\/schema.org\",\"@graph\":[{\"@type\":\"WebPage\",\"@id\":\"https:\/\/protecnic.es\/protecnic-productos\/perfiles-tecnicos\/\",\"url\":\"https:\/\/protecnic.es\/protecnic-productos\/perfiles-tecnicos\/\",\"name\":\"PROTECNIC | Dise\u00f1o, desarrollo, fabricaci\u00f3n de perfiles t\u00e9cnicos\",\"isPartOf\":{\"@id\":\"https:\/\/protecnic.es\/#website\"},\"primaryImageOfPage\":{\"@id\":\"https:\/\/protecnic.es\/protecnic-productos\/perfiles-tecnicos\/#primaryimage\"},\"image\":{\"@id\":\"https:\/\/protecnic.es\/protecnic-productos\/perfiles-tecnicos\/#primaryimage\"},\"thumbnailUrl\":\"https:\/\/protecnic.es\/wp-content\/uploads\/2021\/03\/GALERIA-01-perfiles-tecnicos.jpg\",\"datePublished\":\"2021-03-29T08:41:12+00:00\",\"dateModified\":\"2022-02-10T15:17:16+00:00\",\"description\":\"Dise\u00f1amos y fabricamos perfiles t\u00e9cnicos especiales para diferentes industrias. Mueble, iluminaci\u00f3n, energ\u00edas alternativas...\",\"breadcrumb\":{\"@id\":\"https:\/\/protecnic.es\/protecnic-productos\/perfiles-tecnicos\/#breadcrumb\"},\"inLanguage\":\"en-GB\",\"potentialAction\":[{\"@type\":\"ReadAction\",\"target\":[\"https:\/\/protecnic.es\/protecnic-productos\/perfiles-tecnicos\/\"]}]},{\"@type\":\"ImageObject\",\"inLanguage\":\"en-GB\",\"@id\":\"https:\/\/protecnic.es\/protecnic-productos\/perfiles-tecnicos\/#primaryimage\",\"url\":\"https:\/\/protecnic.es\/wp-content\/uploads\/2021\/03\/GALERIA-01-perfiles-tecnicos.jpg\",\"contentUrl\":\"https:\/\/protecnic.es\/wp-content\/uploads\/2021\/03\/GALERIA-01-perfiles-tecnicos.jpg\",\"width\":1250,\"height\":833,\"caption\":\"perfiler\u00eda PVC\/ABS\"},{\"@type\":\"BreadcrumbList\",\"@id\":\"https:\/\/protecnic.es\/protecnic-productos\/perfiles-tecnicos\/#breadcrumb\",\"itemListElement\":[{\"@type\":\"ListItem\",\"position\":1,\"name\":\"Home\",\"item\":\"https:\/\/protecnic.es\/\"},{\"@type\":\"ListItem\",\"position\":2,\"name\":\"Productos\",\"item\":\"https:\/\/protecnic.es\/protecnic-productos\/\"},{\"@type\":\"ListItem\",\"position\":3,\"name\":\"Perfiles t\u00e9cnicos\"}]},{\"@type\":\"WebSite\",\"@id\":\"https:\/\/protecnic.es\/#website\",\"url\":\"https:\/\/protecnic.es\/\",\"name\":\"Protecnic\",\"description\":\"Protecnic\",\"potentialAction\":[{\"@type\":\"SearchAction\",\"target\":{\"@type\":\"EntryPoint\",\"urlTemplate\":\"https:\/\/protecnic.es\/?s={search_term_string}\"},\"query-input\":{\"@type\":\"PropertyValueSpecification\",\"valueRequired\":true,\"valueName\":\"search_term_string\"}}],\"inLanguage\":\"en-GB\"}]}<\/script>\n<!-- \/ Yoast SEO plugin. -->","yoast_head_json":{"title":"PROTECNIC | Dise\u00f1o, desarrollo, fabricaci\u00f3n de perfiles t\u00e9cnicos","description":"Dise\u00f1amos y fabricamos perfiles t\u00e9cnicos especiales para diferentes industrias. Mueble, iluminaci\u00f3n, energ\u00edas alternativas...","robots":{"index":"index","follow":"follow","max-snippet":"max-snippet:-1","max-image-preview":"max-image-preview:large","max-video-preview":"max-video-preview:-1"},"canonical":"https:\/\/protecnic.es\/en\/protecnic-productos\/perfiles-tecnicos\/","og_locale":"en_GB","og_type":"article","og_title":"PROTECNIC | Dise\u00f1o, desarrollo, fabricaci\u00f3n de perfiles t\u00e9cnicos","og_description":"Dise\u00f1amos y fabricamos perfiles t\u00e9cnicos especiales para diferentes industrias. Mueble, iluminaci\u00f3n, energ\u00edas alternativas...","og_url":"https:\/\/protecnic.es\/en\/protecnic-productos\/perfiles-tecnicos\/","og_site_name":"Protecnic","article_publisher":"https:\/\/www.facebook.com\/grupo.protecnic","article_modified_time":"2022-02-10T15:17:16+00:00","og_image":[{"width":1250,"height":833,"url":"https:\/\/protecnic.es\/wp-content\/uploads\/2021\/03\/GALERIA-01-perfiles-tecnicos.jpg","type":"image\/jpeg"}],"twitter_card":"summary_large_image","twitter_misc":{"Estimated reading time":"2 minutes"},"schema":{"@context":"https:\/\/schema.org","@graph":[{"@type":"WebPage","@id":"https:\/\/protecnic.es\/protecnic-productos\/perfiles-tecnicos\/","url":"https:\/\/protecnic.es\/protecnic-productos\/perfiles-tecnicos\/","name":"PROTECNIC | Dise\u00f1o, desarrollo, fabricaci\u00f3n de perfiles t\u00e9cnicos","isPartOf":{"@id":"https:\/\/protecnic.es\/#website"},"primaryImageOfPage":{"@id":"https:\/\/protecnic.es\/protecnic-productos\/perfiles-tecnicos\/#primaryimage"},"image":{"@id":"https:\/\/protecnic.es\/protecnic-productos\/perfiles-tecnicos\/#primaryimage"},"thumbnailUrl":"https:\/\/protecnic.es\/wp-content\/uploads\/2021\/03\/GALERIA-01-perfiles-tecnicos.jpg","datePublished":"2021-03-29T08:41:12+00:00","dateModified":"2022-02-10T15:17:16+00:00","description":"Dise\u00f1amos y fabricamos perfiles t\u00e9cnicos especiales para diferentes industrias. Mueble, iluminaci\u00f3n, energ\u00edas alternativas...","breadcrumb":{"@id":"https:\/\/protecnic.es\/protecnic-productos\/perfiles-tecnicos\/#breadcrumb"},"inLanguage":"en-GB","potentialAction":[{"@type":"ReadAction","target":["https:\/\/protecnic.es\/protecnic-productos\/perfiles-tecnicos\/"]}]},{"@type":"ImageObject","inLanguage":"en-GB","@id":"https:\/\/protecnic.es\/protecnic-productos\/perfiles-tecnicos\/#primaryimage","url":"https:\/\/protecnic.es\/wp-content\/uploads\/2021\/03\/GALERIA-01-perfiles-tecnicos.jpg","contentUrl":"https:\/\/protecnic.es\/wp-content\/uploads\/2021\/03\/GALERIA-01-perfiles-tecnicos.jpg","width":1250,"height":833,"caption":"perfiler\u00eda PVC\/ABS"},{"@type":"BreadcrumbList","@id":"https:\/\/protecnic.es\/protecnic-productos\/perfiles-tecnicos\/#breadcrumb","itemListElement":[{"@type":"ListItem","position":1,"name":"Home","item":"https:\/\/protecnic.es\/"},{"@type":"ListItem","position":2,"name":"Productos","item":"https:\/\/protecnic.es\/protecnic-productos\/"},{"@type":"ListItem","position":3,"name":"Perfiles t\u00e9cnicos"}]},{"@type":"WebSite","@id":"https:\/\/protecnic.es\/#website","url":"https:\/\/protecnic.es\/","name":"Protecnic","description":"Protecnic","potentialAction":[{"@type":"SearchAction","target":{"@type":"EntryPoint","urlTemplate":"https:\/\/protecnic.es\/?s={search_term_string}"},"query-input":{"@type":"PropertyValueSpecification","valueRequired":true,"valueName":"search_term_string"}}],"inLanguage":"en-GB"}]}},"_links":{"self":[{"href":"https:\/\/protecnic.es\/en\/wp-json\/wp\/v2\/pages\/579"}],"collection":[{"href":"https:\/\/protecnic.es\/en\/wp-json\/wp\/v2\/pages"}],"about":[{"href":"https:\/\/protecnic.es\/en\/wp-json\/wp\/v2\/types\/page"}],"author":[{"embeddable":true,"href":"https:\/\/protecnic.es\/en\/wp-json\/wp\/v2\/users\/1"}],"replies":[{"embeddable":true,"href":"https:\/\/protecnic.es\/en\/wp-json\/wp\/v2\/comments?post=579"}],"version-history":[{"count":5,"href":"https:\/\/protecnic.es\/en\/wp-json\/wp\/v2\/pages\/579\/revisions"}],"predecessor-version":[{"id":2749,"href":"https:\/\/protecnic.es\/en\/wp-json\/wp\/v2\/pages\/579\/revisions\/2749"}],"up":[{"embeddable":true,"href":"https:\/\/protecnic.es\/en\/wp-json\/wp\/v2\/pages\/35"}],"wp:featuredmedia":[{"embeddable":true,"href":"https:\/\/protecnic.es\/en\/wp-json\/wp\/v2\/media\/587"}],"wp:attachment":[{"href":"https:\/\/protecnic.es\/en\/wp-json\/wp\/v2\/media?parent=579"}],"curies":[{"name":"wp","href":"https:\/\/api.w.org\/{rel}","templated":true}]}}